{"id":132,"date":"2023-10-08T15:38:08","date_gmt":"2023-10-08T13:38:08","guid":{"rendered":"https:\/\/kathyreflexologie.com\/?page_id=132"},"modified":"2026-03-14T10:07:26","modified_gmt":"2026-03-14T09:07:26","slug":"laseance","status":"publish","type":"page","link":"https:\/\/kathyreflexologie.com\/index.php\/laseance\/","title":{"rendered":"La s\u00e9ance"},"content":{"rendered":"\n<p><\/p>\n\n\n\n<h2 class=\"wp-block-heading\">D\u00e9roulement d\u2019une s\u00e9ance de R\u00e9flexologie<\/h2>\n\n\n\n<ul class=\"wp-block-list\">\n<li>La s\u00e9ance se d\u00e9roule les pieds mis \u00e0 nu,<\/li>\n\n\n\n<li>Je vous installe confortablement sur une table \u00e9lectrique, chauffante,<\/li>\n\n\n\n<li>Des lingettes d\u00e9sinfectantes pass\u00e9es sur vos pieds,<\/li>\n\n\n\n<li>La nuque d\u00e9tendue,<\/li>\n\n\n\n<li>Je vous propose,  un ou plusieurs plaids, pour vous apporter chaleur et confort.<\/li>\n<\/ul>\n\n\n\n<p>Ainsi pr\u00e9par\u00e9, l\u2019\u00e9coute de vos pieds peut, par un premier toucher, pr\u00e9parer les premiers mouvements de relaxation afin de d\u00e9nouer les tensions et permettre la d\u00e9tente.<\/p>\n\n\n\n<p>Ensuite, les zones de tensions et les points sensibles seront per\u00e7ues. Ces zones sensibles, signes d\u2019un dysfonctionnement, seront alors stimul\u00e9es sur les zones r\u00e9flexes des organes correspondants par diff\u00e9rentes techniques appropri\u00e9es.<\/p>\n\n\n\n<p>L\u2019ensemble des soins apport\u00e9s doit \u00eatre, en permanence, adapt\u00e9 \u00e0 vos ressentis et \u00e9motions.<\/p>\n\n\n\n<hr class=\"wp-block-separator has-alpha-channel-opacity\"\/>\n\n\n\n<div class=\"wp-block-buttons alignfull is-content-justification-center is-layout-flex wp-container-core-buttons-is-layout-16018d1d wp-block-buttons-is-layout-flex\">\n<div class=\"wp-block-button\"><a class=\"wp-block-button__link has-text-align-center wp-element-button\" href=\"https:\/\/kathyreflexologie.com\/index.php\/charte\/\">Consulter les r\u00e8gles d&rsquo;hygi\u00e8ne et charte d&rsquo;\u00e9thique<\/a><\/div>\n<\/div>\n\n\n\n<div class=\"wp-block-buttons is-layout-flex wp-block-buttons-is-layout-flex\">\n<div class=\"wp-block-button\"><a class=\"wp-block-button__link wp-element-button\" href=\"https:\/\/kathyreflexologie.com\/index.php\/\">Retour<\/a><\/div>\n<\/div>\n","protected":false},"excerpt":{"rendered":"<p>D\u00e9roulement d\u2019une s\u00e9ance de R\u00e9flexologie Ainsi pr\u00e9par\u00e9, l\u2019\u00e9coute de vos pieds peut, par un premier toucher, pr\u00e9parer les premiers mouvements de relaxation afin de d\u00e9nouer les tensions et permettre la d\u00e9tente. Ensuite, les zones de tensions et les points sensibles seront per\u00e7ues. Ces zones sensibles, signes d\u2019un dysfonctionnement, seront alors stimul\u00e9es sur les zones r\u00e9flexes &hellip; <\/p>\n<p class=\"link-more\"><a href=\"https:\/\/kathyreflexologie.com\/index.php\/laseance\/\" class=\"more-link\">Continuer la lecture<span class=\"screen-reader-text\"> de &laquo;&nbsp;La s\u00e9ance&nbsp;&raquo;<\/span><\/a><\/p>\n","protected":false},"author":1,"featured_media":0,"parent":0,"menu_order":0,"comment_status":"closed","ping_status":"closed","template":"","meta":{"footnotes":""},"class_list":["post-132","page","type-page","status-publish","hentry"],"yoast_head":"<!-- This site is optimized with the Yoast SEO plugin v26.9 - https:\/\/yoast.com\/product\/yoast-seo-wordpress\/ -->\n<title>La s\u00e9ance - Kathy Reflexologie<\/title>\n<meta name=\"description\" content=\"D\u00e9couvrez comment la r\u00e9flexologie peut soulager la douleur des endom\u00e9trioses, des douleurs dorsales et des migraines. Diminuer les douleurs dorsales\" \/>\n<meta name=\"robots\" content=\"index, follow, max-snippet:-1, max-image-preview:large, max-video-preview:-1\" \/>\n<link rel=\"canonical\" href=\"https:\/\/kathyreflexologie.com\/index.php\/laseance\/\" \/>\n<meta property=\"og:locale\" content=\"fr_FR\" \/>\n<meta property=\"og:type\" content=\"article\" \/>\n<meta property=\"og:title\" content=\"La s\u00e9ance - Kathy Reflexologie\" \/>\n<meta property=\"og:description\" content=\"D\u00e9couvrez comment la r\u00e9flexologie peut soulager la douleur des endom\u00e9trioses, des douleurs dorsales et des migraines. Diminuer les douleurs dorsales\" \/>\n<meta property=\"og:url\" content=\"https:\/\/kathyreflexologie.com\/index.php\/laseance\/\" \/>\n<meta property=\"og:site_name\" content=\"Kathy Reflexologie\" \/>\n<meta property=\"article:publisher\" content=\"https:\/\/www.facebook.com\/share\/1CE44j6Sa5\/\" \/>\n<meta property=\"article:modified_time\" content=\"2026-03-14T09:07:26+00:00\" \/>\n<meta name=\"twitter:card\" content=\"summary_large_image\" \/>\n<meta name=\"twitter:label1\" content=\"Dur\u00e9e de lecture estim\u00e9e\" \/>\n\t<meta name=\"twitter:data1\" content=\"1 minute\" \/>\n<script type=\"application\/ld+json\" class=\"yoast-schema-graph\">{\"@context\":\"https:\/\/schema.org\",\"@graph\":[{\"@type\":\"WebPage\",\"@id\":\"https:\/\/kathyreflexologie.com\/index.php\/laseance\/\",\"url\":\"https:\/\/kathyreflexologie.com\/index.php\/laseance\/\",\"name\":\"La s\u00e9ance - Kathy Reflexologie\",\"isPartOf\":{\"@id\":\"https:\/\/kathyreflexologie.com\/#website\"},\"datePublished\":\"2023-10-08T13:38:08+00:00\",\"dateModified\":\"2026-03-14T09:07:26+00:00\",\"description\":\"D\u00e9couvrez comment la r\u00e9flexologie peut soulager la douleur des endom\u00e9trioses, des douleurs dorsales et des migraines. Diminuer les douleurs dorsales\",\"breadcrumb\":{\"@id\":\"https:\/\/kathyreflexologie.com\/index.php\/laseance\/#breadcrumb\"},\"inLanguage\":\"fr-FR\",\"potentialAction\":[{\"@type\":\"ReadAction\",\"target\":[\"https:\/\/kathyreflexologie.com\/index.php\/laseance\/\"]}]},{\"@type\":\"BreadcrumbList\",\"@id\":\"https:\/\/kathyreflexologie.com\/index.php\/laseance\/#breadcrumb\",\"itemListElement\":[{\"@type\":\"ListItem\",\"position\":1,\"name\":\"Accueil\",\"item\":\"https:\/\/kathyreflexologie.com\/\"},{\"@type\":\"ListItem\",\"position\":2,\"name\":\"La s\u00e9ance\"}]},{\"@type\":\"WebSite\",\"@id\":\"https:\/\/kathyreflexologie.com\/#website\",\"url\":\"https:\/\/kathyreflexologie.com\/\",\"name\":\"Kathy R\u00e9flexologie\",\"description\":\"La r\u00e9flexologie au service de votre bien-\u00eatre\",\"publisher\":{\"@id\":\"https:\/\/kathyreflexologie.com\/#organization\"},\"potentialAction\":[{\"@type\":\"SearchAction\",\"target\":{\"@type\":\"EntryPoint\",\"urlTemplate\":\"https:\/\/kathyreflexologie.com\/?s={search_term_string}\"},\"query-input\":{\"@type\":\"PropertyValueSpecification\",\"valueRequired\":true,\"valueName\":\"search_term_string\"}}],\"inLanguage\":\"fr-FR\"},{\"@type\":\"Organization\",\"@id\":\"https:\/\/kathyreflexologie.com\/#organization\",\"name\":\"Kathy R\u00e9flexologie\",\"alternateName\":\"Kathy R\u00e9flexologie\",\"url\":\"https:\/\/kathyreflexologie.com\/\",\"logo\":{\"@type\":\"ImageObject\",\"inLanguage\":\"fr-FR\",\"@id\":\"https:\/\/kathyreflexologie.com\/#\/schema\/logo\/image\/\",\"url\":\"https:\/\/kathyreflexologie.com\/wp-content\/uploads\/2023\/10\/cropped-cropped-logov2.jpg\",\"contentUrl\":\"https:\/\/kathyreflexologie.com\/wp-content\/uploads\/2023\/10\/cropped-cropped-logov2.jpg\",\"width\":250,\"height\":250,\"caption\":\"Kathy R\u00e9flexologie\"},\"image\":{\"@id\":\"https:\/\/kathyreflexologie.com\/#\/schema\/logo\/image\/\"},\"sameAs\":[\"https:\/\/www.facebook.com\/share\/1CE44j6Sa5\/\",\"https:\/\/www.instagram.com\/kathyreflexologie01480\/\"]}]}<\/script>\n<!-- \/ Yoast SEO plugin. -->","yoast_head_json":{"title":"La s\u00e9ance - Kathy Reflexologie","description":"D\u00e9couvrez comment la r\u00e9flexologie peut soulager la douleur des endom\u00e9trioses, des douleurs dorsales et des migraines. Diminuer les douleurs dorsales","robots":{"index":"index","follow":"follow","max-snippet":"max-snippet:-1","max-image-preview":"max-image-preview:large","max-video-preview":"max-video-preview:-1"},"canonical":"https:\/\/kathyreflexologie.com\/index.php\/laseance\/","og_locale":"fr_FR","og_type":"article","og_title":"La s\u00e9ance - Kathy Reflexologie","og_description":"D\u00e9couvrez comment la r\u00e9flexologie peut soulager la douleur des endom\u00e9trioses, des douleurs dorsales et des migraines. Diminuer les douleurs dorsales","og_url":"https:\/\/kathyreflexologie.com\/index.php\/laseance\/","og_site_name":"Kathy Reflexologie","article_publisher":"https:\/\/www.facebook.com\/share\/1CE44j6Sa5\/","article_modified_time":"2026-03-14T09:07:26+00:00","twitter_card":"summary_large_image","twitter_misc":{"Dur\u00e9e de lecture estim\u00e9e":"1 minute"},"schema":{"@context":"https:\/\/schema.org","@graph":[{"@type":"WebPage","@id":"https:\/\/kathyreflexologie.com\/index.php\/laseance\/","url":"https:\/\/kathyreflexologie.com\/index.php\/laseance\/","name":"La s\u00e9ance - Kathy Reflexologie","isPartOf":{"@id":"https:\/\/kathyreflexologie.com\/#website"},"datePublished":"2023-10-08T13:38:08+00:00","dateModified":"2026-03-14T09:07:26+00:00","description":"D\u00e9couvrez comment la r\u00e9flexologie peut soulager la douleur des endom\u00e9trioses, des douleurs dorsales et des migraines. Diminuer les douleurs dorsales","breadcrumb":{"@id":"https:\/\/kathyreflexologie.com\/index.php\/laseance\/#breadcrumb"},"inLanguage":"fr-FR","potentialAction":[{"@type":"ReadAction","target":["https:\/\/kathyreflexologie.com\/index.php\/laseance\/"]}]},{"@type":"BreadcrumbList","@id":"https:\/\/kathyreflexologie.com\/index.php\/laseance\/#breadcrumb","itemListElement":[{"@type":"ListItem","position":1,"name":"Accueil","item":"https:\/\/kathyreflexologie.com\/"},{"@type":"ListItem","position":2,"name":"La s\u00e9ance"}]},{"@type":"WebSite","@id":"https:\/\/kathyreflexologie.com\/#website","url":"https:\/\/kathyreflexologie.com\/","name":"Kathy R\u00e9flexologie","description":"La r\u00e9flexologie au service de votre bien-\u00eatre","publisher":{"@id":"https:\/\/kathyreflexologie.com\/#organization"},"potentialAction":[{"@type":"SearchAction","target":{"@type":"EntryPoint","urlTemplate":"https:\/\/kathyreflexologie.com\/?s={search_term_string}"},"query-input":{"@type":"PropertyValueSpecification","valueRequired":true,"valueName":"search_term_string"}}],"inLanguage":"fr-FR"},{"@type":"Organization","@id":"https:\/\/kathyreflexologie.com\/#organization","name":"Kathy R\u00e9flexologie","alternateName":"Kathy R\u00e9flexologie","url":"https:\/\/kathyreflexologie.com\/","logo":{"@type":"ImageObject","inLanguage":"fr-FR","@id":"https:\/\/kathyreflexologie.com\/#\/schema\/logo\/image\/","url":"https:\/\/kathyreflexologie.com\/wp-content\/uploads\/2023\/10\/cropped-cropped-logov2.jpg","contentUrl":"https:\/\/kathyreflexologie.com\/wp-content\/uploads\/2023\/10\/cropped-cropped-logov2.jpg","width":250,"height":250,"caption":"Kathy R\u00e9flexologie"},"image":{"@id":"https:\/\/kathyreflexologie.com\/#\/schema\/logo\/image\/"},"sameAs":["https:\/\/www.facebook.com\/share\/1CE44j6Sa5\/","https:\/\/www.instagram.com\/kathyreflexologie01480\/"]}]}},"_links":{"self":[{"href":"https:\/\/kathyreflexologie.com\/index.php\/wp-json\/wp\/v2\/pages\/132","targetHints":{"allow":["GET"]}}],"collection":[{"href":"https:\/\/kathyreflexologie.com\/index.php\/wp-json\/wp\/v2\/pages"}],"about":[{"href":"https:\/\/kathyreflexologie.com\/index.php\/wp-json\/wp\/v2\/types\/page"}],"author":[{"embeddable":true,"href":"https:\/\/kathyreflexologie.com\/index.php\/wp-json\/wp\/v2\/users\/1"}],"replies":[{"embeddable":true,"href":"https:\/\/kathyreflexologie.com\/index.php\/wp-json\/wp\/v2\/comments?post=132"}],"version-history":[{"count":9,"href":"https:\/\/kathyreflexologie.com\/index.php\/wp-json\/wp\/v2\/pages\/132\/revisions"}],"predecessor-version":[{"id":487,"href":"https:\/\/kathyreflexologie.com\/index.php\/wp-json\/wp\/v2\/pages\/132\/revisions\/487"}],"wp:attachment":[{"href":"https:\/\/kathyreflexologie.com\/index.php\/wp-json\/wp\/v2\/media?parent=132"}],"curies":[{"name":"wp","href":"https:\/\/api.w.org\/{rel}","templated":true}]}}