{"id":262,"date":"2023-12-10T11:38:22","date_gmt":"2023-12-10T10:38:22","guid":{"rendered":"https:\/\/kathyreflexologie.com\/?page_id=262"},"modified":"2025-01-19T14:35:24","modified_gmt":"2025-01-19T13:35:24","slug":"meditationdigitale","status":"publish","type":"page","link":"https:\/\/kathyreflexologie.com\/index.php\/meditationdigitale\/","title":{"rendered":"Meditation Digitale"},"content":{"rendered":"\n<figure class=\"wp-block-image size-full is-resized\"><img loading=\"lazy\" decoding=\"async\" width=\"153\" height=\"191\" src=\"http:\/\/kathyreflexologie.com\/wp-content\/uploads\/2023\/11\/image.jpeg\" alt=\"L\u2019attribut alt de cette image est vide, son nom de fichier est PSIO.jpg.\" class=\"wp-image-239\" style=\"width:409px;height:auto\"\/><\/figure>\n\n\n\n<p><strong><u>La m\u00e9ditation digitale c\u2019est quoi&nbsp;:<\/u><\/strong><\/p>\n\n\n\n<p>\u00c9quip\u00e9es d\u2019un lecteur MP3, les lunettes de luminoth\u00e9rapie PSiO combinent de la musique, gr\u00e2ce \u00e0 un casque anti-bruit et m\u00e9ditation guid\u00e9e.<\/p>\n\n\n\n<p>La s\u00e9ance se d\u00e9roule confortablement sur un relax 0 gravity&nbsp;:<\/p>\n\n\n\n<figure class=\"wp-block-image size-full\"><img loading=\"lazy\" decoding=\"async\" width=\"655\" height=\"369\" src=\"http:\/\/kathyreflexologie.com\/wp-content\/uploads\/2023\/11\/LAFUMA.jpg\" alt=\"\" class=\"wp-image-240\" srcset=\"https:\/\/kathyreflexologie.com\/wp-content\/uploads\/2023\/11\/LAFUMA.jpg 655w, https:\/\/kathyreflexologie.com\/wp-content\/uploads\/2023\/11\/LAFUMA-300x169.jpg 300w\" sizes=\"auto, (max-width: 655px) 100vw, 655px\" \/><\/figure>\n\n\n\n<p>Ainsi vous \u00eates allong\u00e9, jambes sur\u00e9lev\u00e9es, les pieds \u00e0 hauteur du c\u0153ur, en position inclin\u00e9e qui induit une diminution telle que le corps ressent 7 fois moins de gravit\u00e9 qu\u2019en position classique. Vous avez la sensation d\u2019\u00eatre dans l\u2019eau, sans effort.<\/p>\n\n\n\n<p>La position \u00ab&nbsp;z\u00e9ro-gravit\u00e9&nbsp;\u00bb dont est d\u00e9tentrice par brevet la marque LAFUMA, est con\u00e7ue pour \u00eatre la position la plus relaxante possible.<\/p>\n\n\n\n<p>La m\u00e9ditation digitale offre plusieurs avantages pour la gestion de la sant\u00e9 mentale et peut \u00eatre b\u00e9n\u00e9fique pour les personnes qui pensent constamment.<\/p>\n\n\n\n<p>Quelques avantages de cette pratique&nbsp;:<\/p>\n\n\n\n<p>R\u00e9duction du stress, la m\u00e9ditation digitale peut aider \u00e0 r\u00e9duire le stress en offrant des s\u00e9ances de relaxation guid\u00e9e, vous \u00eates coup\u00e9s de l\u2019ext\u00e9rieur gr\u00e2ce au casque et la m\u00e9ditation peut agir et vous permettre de l\u00e2cher prise.<\/p>\n\n\n\n<p>Vous rencontrez l\u2019un de ces probl\u00e8mes&nbsp;:<\/p>\n\n\n\n<ul class=\"wp-block-list\">\n<li><strong>Sommeil difficile<\/strong><\/li>\n\n\n\n<li><strong>Fatigue chronique &amp; d\u00e9pression<\/strong><\/li>\n\n\n\n<li><strong>Surmenage intellectue<\/strong><\/li>\n<\/ul>\n\n\n\n<h4 class=\"wp-block-heading\"><strong>La lumi\u00e8re puls\u00e9e ou continue&nbsp;:<\/strong><\/h4>\n\n\n\n<p>Cette technique de clignotement est \u00e9galement utilis\u00e9e en milieu hospitalier en France depuis 1994 et par la NASA pour la gestion du stress des astronautes.<br>Si la luminoth\u00e9rapie, la r\u00e9cup\u00e9ration, la gestion du d\u00e9calage horaire, la gestion du stress et des insomnies sont les principales applications, il existe aussi de nombreuses th\u00e9matiques d\u00e9velopp\u00e9es par des m\u00e9decins et adapt\u00e9es aux divers troubles li\u00e9s au stress, environ 200 s\u00e9ances diff\u00e9rentes \u00e9tant disponibles \u00e0 ce jour.<br>La m\u00e9thode est bas\u00e9e sur des techniques de sophrologie, d\u2019hypnose et de visualisations positives qui agissent sur le subconscient.<br>En effet, une fois atteint l\u2019\u00e9tat au bord du sommeil (ondes c\u00e9r\u00e9brales alpha, voire th\u00e9ta), l\u2019esprit est pr\u00eat \u00e0 recevoir des suggestions positives.<\/p>\n\n\n\n<p>Dur\u00e9e de la s\u00e9ance&nbsp;: 30 mn \u00e0 60 mn selon le programme.<\/p>\n\n\n\n<p>Programme \u00e0 d\u00e9finir ensemble selon les besoins.<\/p>\n\n\n\n<h4 class=\"wp-block-heading\"><strong>Les b\u00e9n\u00e9fices<\/strong><\/h4>\n\n\n\n<p>Gr\u00e2ce aux s\u00e9ances PSiO, les b\u00e9n\u00e9fices sont :<\/p>\n\n\n\n<ul class=\"wp-block-list\">\n<li><strong>S\u2019endormir facilement et dormir serein<\/strong><\/li>\n\n\n\n<li><strong>Retrouver la bonne humeur<\/strong><\/li>\n\n\n\n<li><strong>R\u00e9cup\u00e9rer rapidement<\/strong><\/li>\n\n\n\n<li><strong>M\u00e9morisation<\/strong>&nbsp;<strong>plus fluide<\/strong><\/li>\n<\/ul>\n\n\n\n<figure class=\"wp-block-image size-full\"><img loading=\"lazy\" decoding=\"async\" width=\"1000\" height=\"1000\" src=\"http:\/\/kathyreflexologie.com\/wp-content\/uploads\/2023\/11\/relax_body.jpg\" alt=\"\" class=\"wp-image-243\" srcset=\"https:\/\/kathyreflexologie.com\/wp-content\/uploads\/2023\/11\/relax_body.jpg 1000w, https:\/\/kathyreflexologie.com\/wp-content\/uploads\/2023\/11\/relax_body-300x300.jpg 300w, https:\/\/kathyreflexologie.com\/wp-content\/uploads\/2023\/11\/relax_body-150x150.jpg 150w, https:\/\/kathyreflexologie.com\/wp-content\/uploads\/2023\/11\/relax_body-768x768.jpg 768w\" sizes=\"auto, (max-width: 767px) 89vw, (max-width: 1000px) 54vw, (max-width: 1071px) 543px, 580px\" \/><\/figure>\n\n\n\n<h3 class=\"wp-block-heading\">1. Rel\u00e2chez le corps<\/h3>\n\n\n\n<p>La technologie PSiO se base sur des techniques reconnues proposant une d\u00e9tente physique guid\u00e9e \u00e0 base de sophrologie, contractions-rel\u00e2chements, respiration lente, expiration contr\u00f4l\u00e9e\u2026<\/p>\n\n\n\n<figure class=\"wp-block-image size-full is-resized\"><img loading=\"lazy\" decoding=\"async\" width=\"200\" height=\"200\" src=\"http:\/\/kathyreflexologie.com\/wp-content\/uploads\/2023\/11\/image-3.jpeg\" alt=\"L\u2019attribut alt de cette image est vide, son nom de fichier est relax_mind.jpg.\" class=\"wp-image-248\" style=\"width:371px;height:auto\" srcset=\"https:\/\/kathyreflexologie.com\/wp-content\/uploads\/2023\/11\/image-3.jpeg 200w, https:\/\/kathyreflexologie.com\/wp-content\/uploads\/2023\/11\/image-3-150x150.jpeg 150w\" sizes=\"auto, (max-width: 200px) 100vw, 200px\" \/><\/figure>\n\n\n\n<h3 class=\"wp-block-heading\">2. Rel\u00e2chez l\u2019esprit<\/h3>\n\n\n\n<p>L\u2019apparition en arri\u00e8re-plan de fr\u00e9quence sonores sp\u00e9cifique induisent le rythme c\u00e9r\u00e9bral alpha (\u00e9tat de relaxation) et la rumination diminue. Ensuite, des histoires passant de l\u2019oreille droite \u00e0 l\u2019oreille gauche permettent un l\u00e2cher prise naturel de l\u2019attention.<\/p>\n\n\n\n<figure class=\"wp-block-image size-full\"><img loading=\"lazy\" decoding=\"async\" width=\"1000\" height=\"1000\" src=\"http:\/\/kathyreflexologie.com\/wp-content\/uploads\/2023\/11\/sleep.jpg\" alt=\"\" class=\"wp-image-249\" srcset=\"https:\/\/kathyreflexologie.com\/wp-content\/uploads\/2023\/11\/sleep.jpg 1000w, https:\/\/kathyreflexologie.com\/wp-content\/uploads\/2023\/11\/sleep-300x300.jpg 300w, https:\/\/kathyreflexologie.com\/wp-content\/uploads\/2023\/11\/sleep-150x150.jpg 150w, https:\/\/kathyreflexologie.com\/wp-content\/uploads\/2023\/11\/sleep-768x768.jpg 768w\" sizes=\"auto, (max-width: 767px) 89vw, (max-width: 1000px) 54vw, (max-width: 1071px) 543px, 580px\" \/><\/figure>\n\n\n\n<h3 class=\"wp-block-heading\">3. Endormez-vous<\/h3>\n\n\n\n<p>Les stimulations visuelles deviennent monotones. Les voix ou la musique passent progressivement en arri\u00e8re-plan. L\u2019attention se met alors compl\u00e8tement au repos.<\/p>\n\n\n\n<figure class=\"wp-block-embed is-type-video is-provider-youtube wp-block-embed-youtube wp-embed-aspect-16-9 wp-has-aspect-ratio\"><div class=\"wp-block-embed__wrapper\">\n<iframe loading=\"lazy\" title=\"T\u00e9moignage de Nadine sur sa polyarthrite rhumatoide\" width=\"525\" height=\"295\" src=\"https:\/\/www.youtube.com\/embed\/2XYNydrawhI?feature=oembed\" frameborder=\"0\" allow=\"accelerometer; autoplay; clipboard-write; encrypted-media; gyroscope; picture-in-picture; web-share\" referrerpolicy=\"strict-origin-when-cross-origin\" allowfullscreen><\/iframe>\n<\/div><\/figure>\n\n\n\n<p>Ne pas arr\u00eater tout traitement m\u00e9dical.<\/p>\n\n\n\n<p>Contre-indication&nbsp;: ne pas utiliser par les \u00e9pileptiques.<\/p>\n","protected":false},"excerpt":{"rendered":"<p>La m\u00e9ditation digitale c\u2019est quoi&nbsp;: \u00c9quip\u00e9es d\u2019un lecteur MP3, les lunettes de luminoth\u00e9rapie PSiO combinent de la musique, gr\u00e2ce \u00e0 un casque anti-bruit et m\u00e9ditation guid\u00e9e. La s\u00e9ance se d\u00e9roule confortablement sur un relax 0 gravity&nbsp;: Ainsi vous \u00eates allong\u00e9, jambes sur\u00e9lev\u00e9es, les pieds \u00e0 hauteur du c\u0153ur, en position inclin\u00e9e qui induit une diminution &hellip; <\/p>\n<p class=\"link-more\"><a href=\"https:\/\/kathyreflexologie.com\/index.php\/meditationdigitale\/\" class=\"more-link\">Continuer la lecture<span class=\"screen-reader-text\"> de &laquo;&nbsp;Meditation Digitale&nbsp;&raquo;<\/span><\/a><\/p>\n","protected":false},"author":1,"featured_media":0,"parent":0,"menu_order":0,"comment_status":"closed","ping_status":"closed","template":"blank","meta":{"footnotes":""},"class_list":["post-262","page","type-page","status-publish","hentry"],"yoast_head":"<!-- This site is optimized with the Yoast SEO plugin v26.9 - https:\/\/yoast.com\/product\/yoast-seo-wordpress\/ -->\n<title>Meditation Digitale - Kathy Reflexologie<\/title>\n<meta name=\"robots\" content=\"index, follow, max-snippet:-1, max-image-preview:large, max-video-preview:-1\" \/>\n<link rel=\"canonical\" href=\"https:\/\/kathyreflexologie.com\/index.php\/meditationdigitale\/\" \/>\n<meta property=\"og:locale\" content=\"fr_FR\" \/>\n<meta property=\"og:type\" content=\"article\" \/>\n<meta property=\"og:title\" content=\"Meditation Digitale - Kathy Reflexologie\" \/>\n<meta property=\"og:description\" content=\"La m\u00e9ditation digitale c\u2019est quoi&nbsp;: \u00c9quip\u00e9es d\u2019un lecteur MP3, les lunettes de luminoth\u00e9rapie PSiO combinent de la musique, gr\u00e2ce \u00e0 un casque anti-bruit et m\u00e9ditation guid\u00e9e. La s\u00e9ance se d\u00e9roule confortablement sur un relax 0 gravity&nbsp;: Ainsi vous \u00eates allong\u00e9, jambes sur\u00e9lev\u00e9es, les pieds \u00e0 hauteur du c\u0153ur, en position inclin\u00e9e qui induit une diminution &hellip; Continuer la lecture de &laquo;&nbsp;Meditation Digitale&nbsp;&raquo;\" \/>\n<meta property=\"og:url\" content=\"https:\/\/kathyreflexologie.com\/index.php\/meditationdigitale\/\" \/>\n<meta property=\"og:site_name\" content=\"Kathy Reflexologie\" \/>\n<meta property=\"article:publisher\" content=\"https:\/\/www.facebook.com\/share\/1CE44j6Sa5\/\" \/>\n<meta property=\"article:modified_time\" content=\"2025-01-19T13:35:24+00:00\" \/>\n<meta property=\"og:image\" content=\"https:\/\/kathyreflexologie.com\/wp-content\/uploads\/2023\/11\/image.jpeg\" \/>\n\t<meta property=\"og:image:width\" content=\"153\" \/>\n\t<meta property=\"og:image:height\" content=\"191\" \/>\n\t<meta property=\"og:image:type\" content=\"image\/jpeg\" \/>\n<meta name=\"twitter:card\" content=\"summary_large_image\" \/>\n<meta name=\"twitter:label1\" content=\"Dur\u00e9e de lecture estim\u00e9e\" \/>\n\t<meta name=\"twitter:data1\" content=\"3 minutes\" \/>\n<script type=\"application\/ld+json\" class=\"yoast-schema-graph\">{\"@context\":\"https:\/\/schema.org\",\"@graph\":[{\"@type\":\"WebPage\",\"@id\":\"https:\/\/kathyreflexologie.com\/index.php\/meditationdigitale\/\",\"url\":\"https:\/\/kathyreflexologie.com\/index.php\/meditationdigitale\/\",\"name\":\"Meditation Digitale - Kathy Reflexologie\",\"isPartOf\":{\"@id\":\"https:\/\/kathyreflexologie.com\/#website\"},\"primaryImageOfPage\":{\"@id\":\"https:\/\/kathyreflexologie.com\/index.php\/meditationdigitale\/#primaryimage\"},\"image\":{\"@id\":\"https:\/\/kathyreflexologie.com\/index.php\/meditationdigitale\/#primaryimage\"},\"thumbnailUrl\":\"http:\/\/kathyreflexologie.com\/wp-content\/uploads\/2023\/11\/image.jpeg\",\"datePublished\":\"2023-12-10T10:38:22+00:00\",\"dateModified\":\"2025-01-19T13:35:24+00:00\",\"breadcrumb\":{\"@id\":\"https:\/\/kathyreflexologie.com\/index.php\/meditationdigitale\/#breadcrumb\"},\"inLanguage\":\"fr-FR\",\"potentialAction\":[{\"@type\":\"ReadAction\",\"target\":[\"https:\/\/kathyreflexologie.com\/index.php\/meditationdigitale\/\"]}]},{\"@type\":\"ImageObject\",\"inLanguage\":\"fr-FR\",\"@id\":\"https:\/\/kathyreflexologie.com\/index.php\/meditationdigitale\/#primaryimage\",\"url\":\"https:\/\/kathyreflexologie.com\/wp-content\/uploads\/2023\/11\/image.jpeg\",\"contentUrl\":\"https:\/\/kathyreflexologie.com\/wp-content\/uploads\/2023\/11\/image.jpeg\",\"width\":153,\"height\":191,\"caption\":\"L\u2019attribut alt de cette image est vide, son nom de fichier est PSIO.jpg.\"},{\"@type\":\"BreadcrumbList\",\"@id\":\"https:\/\/kathyreflexologie.com\/index.php\/meditationdigitale\/#breadcrumb\",\"itemListElement\":[{\"@type\":\"ListItem\",\"position\":1,\"name\":\"Accueil\",\"item\":\"https:\/\/kathyreflexologie.com\/\"},{\"@type\":\"ListItem\",\"position\":2,\"name\":\"Meditation Digitale\"}]},{\"@type\":\"WebSite\",\"@id\":\"https:\/\/kathyreflexologie.com\/#website\",\"url\":\"https:\/\/kathyreflexologie.com\/\",\"name\":\"Kathy R\u00e9flexologie\",\"description\":\"La r\u00e9flexologie au service de votre bien-\u00eatre\",\"publisher\":{\"@id\":\"https:\/\/kathyreflexologie.com\/#organization\"},\"potentialAction\":[{\"@type\":\"SearchAction\",\"target\":{\"@type\":\"EntryPoint\",\"urlTemplate\":\"https:\/\/kathyreflexologie.com\/?s={search_term_string}\"},\"query-input\":{\"@type\":\"PropertyValueSpecification\",\"valueRequired\":true,\"valueName\":\"search_term_string\"}}],\"inLanguage\":\"fr-FR\"},{\"@type\":\"Organization\",\"@id\":\"https:\/\/kathyreflexologie.com\/#organization\",\"name\":\"Kathy R\u00e9flexologie\",\"alternateName\":\"Kathy R\u00e9flexologie\",\"url\":\"https:\/\/kathyreflexologie.com\/\",\"logo\":{\"@type\":\"ImageObject\",\"inLanguage\":\"fr-FR\",\"@id\":\"https:\/\/kathyreflexologie.com\/#\/schema\/logo\/image\/\",\"url\":\"https:\/\/kathyreflexologie.com\/wp-content\/uploads\/2023\/10\/cropped-cropped-logov2.jpg\",\"contentUrl\":\"https:\/\/kathyreflexologie.com\/wp-content\/uploads\/2023\/10\/cropped-cropped-logov2.jpg\",\"width\":250,\"height\":250,\"caption\":\"Kathy R\u00e9flexologie\"},\"image\":{\"@id\":\"https:\/\/kathyreflexologie.com\/#\/schema\/logo\/image\/\"},\"sameAs\":[\"https:\/\/www.facebook.com\/share\/1CE44j6Sa5\/\",\"https:\/\/www.instagram.com\/kathyreflexologie01480\/\"]}]}<\/script>\n<!-- \/ Yoast SEO plugin. -->","yoast_head_json":{"title":"Meditation Digitale - Kathy Reflexologie","robots":{"index":"index","follow":"follow","max-snippet":"max-snippet:-1","max-image-preview":"max-image-preview:large","max-video-preview":"max-video-preview:-1"},"canonical":"https:\/\/kathyreflexologie.com\/index.php\/meditationdigitale\/","og_locale":"fr_FR","og_type":"article","og_title":"Meditation Digitale - Kathy Reflexologie","og_description":"La m\u00e9ditation digitale c\u2019est quoi&nbsp;: \u00c9quip\u00e9es d\u2019un lecteur MP3, les lunettes de luminoth\u00e9rapie PSiO combinent de la musique, gr\u00e2ce \u00e0 un casque anti-bruit et m\u00e9ditation guid\u00e9e. La s\u00e9ance se d\u00e9roule confortablement sur un relax 0 gravity&nbsp;: Ainsi vous \u00eates allong\u00e9, jambes sur\u00e9lev\u00e9es, les pieds \u00e0 hauteur du c\u0153ur, en position inclin\u00e9e qui induit une diminution &hellip; Continuer la lecture de &laquo;&nbsp;Meditation Digitale&nbsp;&raquo;","og_url":"https:\/\/kathyreflexologie.com\/index.php\/meditationdigitale\/","og_site_name":"Kathy Reflexologie","article_publisher":"https:\/\/www.facebook.com\/share\/1CE44j6Sa5\/","article_modified_time":"2025-01-19T13:35:24+00:00","og_image":[{"width":153,"height":191,"url":"https:\/\/kathyreflexologie.com\/wp-content\/uploads\/2023\/11\/image.jpeg","type":"image\/jpeg"}],"twitter_card":"summary_large_image","twitter_misc":{"Dur\u00e9e de lecture estim\u00e9e":"3 minutes"},"schema":{"@context":"https:\/\/schema.org","@graph":[{"@type":"WebPage","@id":"https:\/\/kathyreflexologie.com\/index.php\/meditationdigitale\/","url":"https:\/\/kathyreflexologie.com\/index.php\/meditationdigitale\/","name":"Meditation Digitale - Kathy Reflexologie","isPartOf":{"@id":"https:\/\/kathyreflexologie.com\/#website"},"primaryImageOfPage":{"@id":"https:\/\/kathyreflexologie.com\/index.php\/meditationdigitale\/#primaryimage"},"image":{"@id":"https:\/\/kathyreflexologie.com\/index.php\/meditationdigitale\/#primaryimage"},"thumbnailUrl":"http:\/\/kathyreflexologie.com\/wp-content\/uploads\/2023\/11\/image.jpeg","datePublished":"2023-12-10T10:38:22+00:00","dateModified":"2025-01-19T13:35:24+00:00","breadcrumb":{"@id":"https:\/\/kathyreflexologie.com\/index.php\/meditationdigitale\/#breadcrumb"},"inLanguage":"fr-FR","potentialAction":[{"@type":"ReadAction","target":["https:\/\/kathyreflexologie.com\/index.php\/meditationdigitale\/"]}]},{"@type":"ImageObject","inLanguage":"fr-FR","@id":"https:\/\/kathyreflexologie.com\/index.php\/meditationdigitale\/#primaryimage","url":"https:\/\/kathyreflexologie.com\/wp-content\/uploads\/2023\/11\/image.jpeg","contentUrl":"https:\/\/kathyreflexologie.com\/wp-content\/uploads\/2023\/11\/image.jpeg","width":153,"height":191,"caption":"L\u2019attribut alt de cette image est vide, son nom de fichier est PSIO.jpg."},{"@type":"BreadcrumbList","@id":"https:\/\/kathyreflexologie.com\/index.php\/meditationdigitale\/#breadcrumb","itemListElement":[{"@type":"ListItem","position":1,"name":"Accueil","item":"https:\/\/kathyreflexologie.com\/"},{"@type":"ListItem","position":2,"name":"Meditation Digitale"}]},{"@type":"WebSite","@id":"https:\/\/kathyreflexologie.com\/#website","url":"https:\/\/kathyreflexologie.com\/","name":"Kathy R\u00e9flexologie","description":"La r\u00e9flexologie au service de votre bien-\u00eatre","publisher":{"@id":"https:\/\/kathyreflexologie.com\/#organization"},"potentialAction":[{"@type":"SearchAction","target":{"@type":"EntryPoint","urlTemplate":"https:\/\/kathyreflexologie.com\/?s={search_term_string}"},"query-input":{"@type":"PropertyValueSpecification","valueRequired":true,"valueName":"search_term_string"}}],"inLanguage":"fr-FR"},{"@type":"Organization","@id":"https:\/\/kathyreflexologie.com\/#organization","name":"Kathy R\u00e9flexologie","alternateName":"Kathy R\u00e9flexologie","url":"https:\/\/kathyreflexologie.com\/","logo":{"@type":"ImageObject","inLanguage":"fr-FR","@id":"https:\/\/kathyreflexologie.com\/#\/schema\/logo\/image\/","url":"https:\/\/kathyreflexologie.com\/wp-content\/uploads\/2023\/10\/cropped-cropped-logov2.jpg","contentUrl":"https:\/\/kathyreflexologie.com\/wp-content\/uploads\/2023\/10\/cropped-cropped-logov2.jpg","width":250,"height":250,"caption":"Kathy R\u00e9flexologie"},"image":{"@id":"https:\/\/kathyreflexologie.com\/#\/schema\/logo\/image\/"},"sameAs":["https:\/\/www.facebook.com\/share\/1CE44j6Sa5\/","https:\/\/www.instagram.com\/kathyreflexologie01480\/"]}]}},"_links":{"self":[{"href":"https:\/\/kathyreflexologie.com\/index.php\/wp-json\/wp\/v2\/pages\/262","targetHints":{"allow":["GET"]}}],"collection":[{"href":"https:\/\/kathyreflexologie.com\/index.php\/wp-json\/wp\/v2\/pages"}],"about":[{"href":"https:\/\/kathyreflexologie.com\/index.php\/wp-json\/wp\/v2\/types\/page"}],"author":[{"embeddable":true,"href":"https:\/\/kathyreflexologie.com\/index.php\/wp-json\/wp\/v2\/users\/1"}],"replies":[{"embeddable":true,"href":"https:\/\/kathyreflexologie.com\/index.php\/wp-json\/wp\/v2\/comments?post=262"}],"version-history":[{"count":3,"href":"https:\/\/kathyreflexologie.com\/index.php\/wp-json\/wp\/v2\/pages\/262\/revisions"}],"predecessor-version":[{"id":385,"href":"https:\/\/kathyreflexologie.com\/index.php\/wp-json\/wp\/v2\/pages\/262\/revisions\/385"}],"wp:attachment":[{"href":"https:\/\/kathyreflexologie.com\/index.php\/wp-json\/wp\/v2\/media?parent=262"}],"curies":[{"name":"wp","href":"https:\/\/api.w.org\/{rel}","templated":true}]}}