{"id":413,"date":"2025-06-14T20:04:40","date_gmt":"2025-06-14T18:04:40","guid":{"rendered":"https:\/\/kathyreflexologie.com\/?page_id=413"},"modified":"2025-06-25T18:57:17","modified_gmt":"2025-06-25T16:57:17","slug":"massage-chinois-tuina","status":"publish","type":"page","link":"https:\/\/kathyreflexologie.com\/index.php\/massage-chinois-tuina\/","title":{"rendered":"MASSAGE CHINOIS TUINA"},"content":{"rendered":"\n<p>Histoire du massage Tui Na<\/p>\n\n\n\n<figure class=\"wp-block-image size-full\"><img loading=\"lazy\" decoding=\"async\" width=\"300\" height=\"450\" src=\"https:\/\/kathyreflexologie.com\/wp-content\/uploads\/2025\/06\/300PAR450.jpg\" alt=\"\" class=\"wp-image-443\" srcset=\"https:\/\/kathyreflexologie.com\/wp-content\/uploads\/2025\/06\/300PAR450.jpg 300w, https:\/\/kathyreflexologie.com\/wp-content\/uploads\/2025\/06\/300PAR450-200x300.jpg 200w\" sizes=\"auto, (max-width: 300px) 100vw, 300px\" \/><\/figure>\n\n\n\n<p>Le massage Tuina s\u2019inscrit dans l\u2019histoire mill\u00e9naire de la m\u00e9decine traditionnelle chinoise. Les premi\u00e8res traces remontent \u00e0 1700 av. J.-C.<\/p>\n\n\n\n<p>Les diff\u00e9rentes sources s\u2019accordent pour dire que le massage tuina a \u00e9t\u00e9 ant\u00e9rieur aux autres branches de la m\u00e9decine traditionnelle chinoise (acupuncture, pharmacop\u00e9e, di\u00e9t\u00e9tique).&nbsp;<\/p>\n\n\n\n<p>Aujourd\u2019hui, les massages Chinois Tuina sont reconnus comme \u00e9tant une branche \u00e0 part enti\u00e8re de la MTC.<\/p>\n\n\n\n<p><\/p>\n\n\n\n<p>Le TUINA des Emotions :<\/p>\n\n\n\n<p><\/p>\n\n\n\n<p>Dans l&rsquo;immense complexit\u00e9 qu&rsquo;est le monde humain, les \u00e9motions jouent un r\u00f4le pr\u00e9pond\u00e9rant dans nos vies. Leurs impacts sur le stress, l&rsquo;anxi\u00e9t\u00e9 et la sant\u00e9 mentale sont ind\u00e9niables. Dans ce cadre, peut-on envisager que le massage contribue \u00e0 notre bien-\u00eatre \u00e9motionnel ?<\/p>\n\n\n\n<p>Le massage chinois des Emotions, n&rsquo;est pas qu&rsquo;un massage. La m\u00e9decine traditionnelle chinoise (MTC) associe chaque \u00e9motion \u00e0 un organe sp\u00e9cifique et propose des techniques de massage aidant \u00e0 r\u00e9duire le stress \u00e9motionnel.<\/p>\n\n\n\n<p>Ce sont les m\u00e9ridiens que nous actionnons par un toucher sp\u00e9cifique au massage Tuina. On pousse, on malaxe, on tire, bref, on cherche \u00e0 solliciter les m\u00e9ridiens.<\/p>\n\n\n\n<p>Ce massage vise \u00e0 \u00e9quilibrer le Chi (ou \u00e9nergie vitale) du corps physique, \u00e9motionnel et spirituel. On le sait, le d\u00e9s\u00e9quilibre de ces \u00e9motions peut causer des maladies physiques, ainsi que des probl\u00e8mes d&rsquo;ordre \u00e9motionnel. Une des solutions propos\u00e9es pour r\u00e9\u00e9quilibrer ces \u00e9motions est le massage qui cible sp\u00e9cifiquement les m\u00e9ridiens, et donc ces d\u00e9s\u00e9quilibres.<\/p>\n\n\n\n<p>Selon des \u00e9tudes universitaires, l&rsquo;importance du massage Tuina r\u00e9side dans son aptitude \u00e0 traiter les maladies somatiques et les troubles \u00e9motionnels.<\/p>\n\n\n\n<p>Le massage Tuina s&rsquo;appuie sur la th\u00e9orie des cinq \u00e9l\u00e9ments et sur la r\u00e9gulation des cinq principales \u00e9motions : la joie, la col\u00e8re, l&rsquo;inqui\u00e9tude, la tristesse et la peur, identifi\u00e9es comme ayant une influence directe sur la sant\u00e9 globale de l&rsquo;individu.<\/p>\n\n\n\n<p><\/p>\n\n\n\n<figure class=\"wp-block-image size-full\"><img loading=\"lazy\" decoding=\"async\" width=\"300\" height=\"450\" src=\"https:\/\/kathyreflexologie.com\/wp-content\/uploads\/2025\/06\/pexels-jonathanborba-19641826REDUIT.jpg\" alt=\"\" class=\"wp-image-440\" srcset=\"https:\/\/kathyreflexologie.com\/wp-content\/uploads\/2025\/06\/pexels-jonathanborba-19641826REDUIT.jpg 300w, https:\/\/kathyreflexologie.com\/wp-content\/uploads\/2025\/06\/pexels-jonathanborba-19641826REDUIT-200x300.jpg 200w\" sizes=\"auto, (max-width: 300px) 100vw, 300px\" \/><\/figure>\n\n\n\n<p><\/p>\n\n\n\n<p><strong>La Joie associ\u00e9e au c\u0153ur :<\/strong><\/p>\n\n\n\n<p>Une joie excessive ou insuffisante peut d\u00e9s\u00e9quilibrer le Chi.<\/p>\n\n\n\n<p>B\u00e9n\u00e9fice du Tuina est la r\u00e9gulation de cette \u00e9motion en r\u00e9\u00e9quilibrant l&rsquo;\u00e9nergie du c\u0153ur.<\/p>\n\n\n\n<p><strong>La Col\u00e8re associ\u00e9e au foie :<\/strong><\/p>\n\n\n\n<p>Une col\u00e8re non contr\u00f4l\u00e9e peut nuire au flux du Chi.<\/p>\n\n\n\n<p>B\u00e9n\u00e9fice du Tuina est l&rsquo;apaisement de cette \u00e9motion en r\u00e9tablissant l&rsquo;\u00e9quilibre du foie<\/p>\n\n\n\n<p><strong>L&rsquo;inqui\u00e9tude associ\u00e9e \u00e0 la rate :<\/strong><\/p>\n\n\n\n<p>L\u2019inqui\u00e9tude ou \u00ab\u00a0le petit v\u00e9lo\u00a0\u00bb nuit \u00e0 la rate.<\/p>\n\n\n\n<p>B\u00e9n\u00e9fice du Tuina est le soulagement de l&rsquo;effet n\u00e9faste de ces pens\u00e9es<\/p>\n\n\n\n<p><strong>La Tristesse connect\u00e9e aux poumons :<\/strong><\/p>\n\n\n\n<p>Une grande tristesse peut entraver le flux du Chi.<\/p>\n\n\n\n<p>B\u00e9n\u00e9fice du Tuina est l&rsquo;att\u00e9nuation des effets de la tristesse prolong\u00e9e<\/p>\n\n\n\n<p><strong>La Peur associ\u00e9e aux reins :<\/strong><\/p>\n\n\n\n<p>Une peur intense peut perturber le Chi des reins.<\/p>\n\n\n\n<p>B\u00e9n\u00e9fice du Tuina est le contr\u00f4le de cette peur.<\/p>\n\n\n\n<p>De plus, des recherches universitaires ont montr\u00e9 que les techniques Tuina aident \u00e0 r\u00e9\u00e9quilibrer ces 5 \u00e9motions en r\u00e9gulant le flux du Chi \u00e0 travers les m\u00e9ridiens du corps, en restaurant la fonction organique et en renfor\u00e7ant le syst\u00e8me immunitaire.<\/p>\n\n\n\n<p>En effet, il apporte un bien-\u00eatre \u00e0 l&rsquo;ensemble de l&rsquo;organisme et am\u00e9liore de ce fait la qualit\u00e9 de vie en lib\u00e9rant le stress \u00e9motionnel et physique.<\/p>\n\n\n\n<p>Conclusion :<\/p>\n\n\n\n<p>Le \u00ab\u00a0massage Tuina des cinq \u00e9motions\u00a0\u00bb est une approche qui gagne en popularit\u00e9. Il repr\u00e9sente un concept intrigant et b\u00e9n\u00e9fique en mati\u00e8re de soin de sant\u00e9 mentale et de gestion du stress.<\/p>\n\n\n\n<p>Ce massage se pratique sur une table, de chaque c\u00f4t\u00e9 du corps avec une huile neutre, et dure environ 1h30.<\/p>\n\n\n\n<p><\/p>\n\n\n\n<figure class=\"wp-block-image size-large\"><img loading=\"lazy\" decoding=\"async\" width=\"1024\" height=\"685\" src=\"https:\/\/kathyreflexologie.com\/wp-content\/uploads\/2025\/06\/pexels-pixabay-275768-1024x685.jpg\" alt=\"\" class=\"wp-image-442\" srcset=\"https:\/\/kathyreflexologie.com\/wp-content\/uploads\/2025\/06\/pexels-pixabay-275768-1024x685.jpg 1024w, https:\/\/kathyreflexologie.com\/wp-content\/uploads\/2025\/06\/pexels-pixabay-275768-300x201.jpg 300w, https:\/\/kathyreflexologie.com\/wp-content\/uploads\/2025\/06\/pexels-pixabay-275768-768x514.jpg 768w, https:\/\/kathyreflexologie.com\/wp-content\/uploads\/2025\/06\/pexels-pixabay-275768-1536x1028.jpg 1536w, https:\/\/kathyreflexologie.com\/wp-content\/uploads\/2025\/06\/pexels-pixabay-275768-2048x1371.jpg 2048w\" sizes=\"auto, (max-width: 767px) 89vw, (max-width: 1000px) 54vw, (max-width: 1071px) 543px, 580px\" \/><\/figure>\n","protected":false},"excerpt":{"rendered":"<p>Histoire du massage Tui Na Le massage Tuina s\u2019inscrit dans l\u2019histoire mill\u00e9naire de la m\u00e9decine traditionnelle chinoise. Les premi\u00e8res traces remontent \u00e0 1700 av. J.-C. Les diff\u00e9rentes sources s\u2019accordent pour dire que le massage tuina a \u00e9t\u00e9 ant\u00e9rieur aux autres branches de la m\u00e9decine traditionnelle chinoise (acupuncture, pharmacop\u00e9e, di\u00e9t\u00e9tique).&nbsp; Aujourd\u2019hui, les massages Chinois Tuina sont &hellip; <\/p>\n<p class=\"link-more\"><a href=\"https:\/\/kathyreflexologie.com\/index.php\/massage-chinois-tuina\/\" class=\"more-link\">Continuer la lecture<span class=\"screen-reader-text\"> de &laquo;&nbsp;MASSAGE CHINOIS TUINA&nbsp;&raquo;<\/span><\/a><\/p>\n","protected":false},"author":2,"featured_media":0,"parent":0,"menu_order":0,"comment_status":"closed","ping_status":"closed","template":"","meta":{"footnotes":""},"class_list":["post-413","page","type-page","status-publish","hentry"],"yoast_head":"<!-- This site is optimized with the Yoast SEO plugin v26.9 - https:\/\/yoast.com\/product\/yoast-seo-wordpress\/ -->\n<title>MASSAGE CHINOIS TUINA - Kathy Reflexologie<\/title>\n<meta name=\"robots\" content=\"index, follow, max-snippet:-1, max-image-preview:large, max-video-preview:-1\" \/>\n<link rel=\"canonical\" href=\"https:\/\/kathyreflexologie.com\/index.php\/massage-chinois-tuina\/\" \/>\n<meta property=\"og:locale\" content=\"fr_FR\" \/>\n<meta property=\"og:type\" content=\"article\" \/>\n<meta property=\"og:title\" content=\"MASSAGE CHINOIS TUINA - Kathy Reflexologie\" \/>\n<meta property=\"og:description\" content=\"Histoire du massage Tui Na Le massage Tuina s\u2019inscrit dans l\u2019histoire mill\u00e9naire de la m\u00e9decine traditionnelle chinoise. Les premi\u00e8res traces remontent \u00e0 1700 av. J.-C. Les diff\u00e9rentes sources s\u2019accordent pour dire que le massage tuina a \u00e9t\u00e9 ant\u00e9rieur aux autres branches de la m\u00e9decine traditionnelle chinoise (acupuncture, pharmacop\u00e9e, di\u00e9t\u00e9tique).&nbsp; Aujourd\u2019hui, les massages Chinois Tuina sont &hellip; Continuer la lecture de &laquo;&nbsp;MASSAGE CHINOIS TUINA&nbsp;&raquo;\" \/>\n<meta property=\"og:url\" content=\"https:\/\/kathyreflexologie.com\/index.php\/massage-chinois-tuina\/\" \/>\n<meta property=\"og:site_name\" content=\"Kathy Reflexologie\" \/>\n<meta property=\"article:publisher\" content=\"https:\/\/www.facebook.com\/share\/1CE44j6Sa5\/\" \/>\n<meta property=\"article:modified_time\" content=\"2025-06-25T16:57:17+00:00\" \/>\n<meta property=\"og:image\" content=\"https:\/\/kathyreflexologie.com\/wp-content\/uploads\/2025\/06\/300PAR450.jpg\" \/>\n\t<meta property=\"og:image:width\" content=\"300\" \/>\n\t<meta property=\"og:image:height\" content=\"450\" \/>\n\t<meta property=\"og:image:type\" content=\"image\/jpeg\" \/>\n<meta name=\"twitter:card\" content=\"summary_large_image\" \/>\n<meta name=\"twitter:label1\" content=\"Dur\u00e9e de lecture estim\u00e9e\" \/>\n\t<meta name=\"twitter:data1\" content=\"3 minutes\" \/>\n<script type=\"application\/ld+json\" class=\"yoast-schema-graph\">{\"@context\":\"https:\/\/schema.org\",\"@graph\":[{\"@type\":\"WebPage\",\"@id\":\"https:\/\/kathyreflexologie.com\/index.php\/massage-chinois-tuina\/\",\"url\":\"https:\/\/kathyreflexologie.com\/index.php\/massage-chinois-tuina\/\",\"name\":\"MASSAGE CHINOIS TUINA - Kathy Reflexologie\",\"isPartOf\":{\"@id\":\"https:\/\/kathyreflexologie.com\/#website\"},\"primaryImageOfPage\":{\"@id\":\"https:\/\/kathyreflexologie.com\/index.php\/massage-chinois-tuina\/#primaryimage\"},\"image\":{\"@id\":\"https:\/\/kathyreflexologie.com\/index.php\/massage-chinois-tuina\/#primaryimage\"},\"thumbnailUrl\":\"https:\/\/kathyreflexologie.com\/wp-content\/uploads\/2025\/06\/300PAR450.jpg\",\"datePublished\":\"2025-06-14T18:04:40+00:00\",\"dateModified\":\"2025-06-25T16:57:17+00:00\",\"breadcrumb\":{\"@id\":\"https:\/\/kathyreflexologie.com\/index.php\/massage-chinois-tuina\/#breadcrumb\"},\"inLanguage\":\"fr-FR\",\"potentialAction\":[{\"@type\":\"ReadAction\",\"target\":[\"https:\/\/kathyreflexologie.com\/index.php\/massage-chinois-tuina\/\"]}]},{\"@type\":\"ImageObject\",\"inLanguage\":\"fr-FR\",\"@id\":\"https:\/\/kathyreflexologie.com\/index.php\/massage-chinois-tuina\/#primaryimage\",\"url\":\"https:\/\/kathyreflexologie.com\/wp-content\/uploads\/2025\/06\/300PAR450.jpg\",\"contentUrl\":\"https:\/\/kathyreflexologie.com\/wp-content\/uploads\/2025\/06\/300PAR450.jpg\",\"width\":300,\"height\":450},{\"@type\":\"BreadcrumbList\",\"@id\":\"https:\/\/kathyreflexologie.com\/index.php\/massage-chinois-tuina\/#breadcrumb\",\"itemListElement\":[{\"@type\":\"ListItem\",\"position\":1,\"name\":\"Accueil\",\"item\":\"https:\/\/kathyreflexologie.com\/\"},{\"@type\":\"ListItem\",\"position\":2,\"name\":\"MASSAGE CHINOIS TUINA\"}]},{\"@type\":\"WebSite\",\"@id\":\"https:\/\/kathyreflexologie.com\/#website\",\"url\":\"https:\/\/kathyreflexologie.com\/\",\"name\":\"Kathy R\u00e9flexologie\",\"description\":\"La r\u00e9flexologie au service de votre bien-\u00eatre\",\"publisher\":{\"@id\":\"https:\/\/kathyreflexologie.com\/#organization\"},\"potentialAction\":[{\"@type\":\"SearchAction\",\"target\":{\"@type\":\"EntryPoint\",\"urlTemplate\":\"https:\/\/kathyreflexologie.com\/?s={search_term_string}\"},\"query-input\":{\"@type\":\"PropertyValueSpecification\",\"valueRequired\":true,\"valueName\":\"search_term_string\"}}],\"inLanguage\":\"fr-FR\"},{\"@type\":\"Organization\",\"@id\":\"https:\/\/kathyreflexologie.com\/#organization\",\"name\":\"Kathy R\u00e9flexologie\",\"alternateName\":\"Kathy R\u00e9flexologie\",\"url\":\"https:\/\/kathyreflexologie.com\/\",\"logo\":{\"@type\":\"ImageObject\",\"inLanguage\":\"fr-FR\",\"@id\":\"https:\/\/kathyreflexologie.com\/#\/schema\/logo\/image\/\",\"url\":\"https:\/\/kathyreflexologie.com\/wp-content\/uploads\/2023\/10\/cropped-cropped-logov2.jpg\",\"contentUrl\":\"https:\/\/kathyreflexologie.com\/wp-content\/uploads\/2023\/10\/cropped-cropped-logov2.jpg\",\"width\":250,\"height\":250,\"caption\":\"Kathy R\u00e9flexologie\"},\"image\":{\"@id\":\"https:\/\/kathyreflexologie.com\/#\/schema\/logo\/image\/\"},\"sameAs\":[\"https:\/\/www.facebook.com\/share\/1CE44j6Sa5\/\",\"https:\/\/www.instagram.com\/kathyreflexologie01480\/\"]}]}<\/script>\n<!-- \/ Yoast SEO plugin. -->","yoast_head_json":{"title":"MASSAGE CHINOIS TUINA - Kathy Reflexologie","robots":{"index":"index","follow":"follow","max-snippet":"max-snippet:-1","max-image-preview":"max-image-preview:large","max-video-preview":"max-video-preview:-1"},"canonical":"https:\/\/kathyreflexologie.com\/index.php\/massage-chinois-tuina\/","og_locale":"fr_FR","og_type":"article","og_title":"MASSAGE CHINOIS TUINA - Kathy Reflexologie","og_description":"Histoire du massage Tui Na Le massage Tuina s\u2019inscrit dans l\u2019histoire mill\u00e9naire de la m\u00e9decine traditionnelle chinoise. Les premi\u00e8res traces remontent \u00e0 1700 av. J.-C. Les diff\u00e9rentes sources s\u2019accordent pour dire que le massage tuina a \u00e9t\u00e9 ant\u00e9rieur aux autres branches de la m\u00e9decine traditionnelle chinoise (acupuncture, pharmacop\u00e9e, di\u00e9t\u00e9tique).&nbsp; Aujourd\u2019hui, les massages Chinois Tuina sont &hellip; Continuer la lecture de &laquo;&nbsp;MASSAGE CHINOIS TUINA&nbsp;&raquo;","og_url":"https:\/\/kathyreflexologie.com\/index.php\/massage-chinois-tuina\/","og_site_name":"Kathy Reflexologie","article_publisher":"https:\/\/www.facebook.com\/share\/1CE44j6Sa5\/","article_modified_time":"2025-06-25T16:57:17+00:00","og_image":[{"width":300,"height":450,"url":"https:\/\/kathyreflexologie.com\/wp-content\/uploads\/2025\/06\/300PAR450.jpg","type":"image\/jpeg"}],"twitter_card":"summary_large_image","twitter_misc":{"Dur\u00e9e de lecture estim\u00e9e":"3 minutes"},"schema":{"@context":"https:\/\/schema.org","@graph":[{"@type":"WebPage","@id":"https:\/\/kathyreflexologie.com\/index.php\/massage-chinois-tuina\/","url":"https:\/\/kathyreflexologie.com\/index.php\/massage-chinois-tuina\/","name":"MASSAGE CHINOIS TUINA - Kathy Reflexologie","isPartOf":{"@id":"https:\/\/kathyreflexologie.com\/#website"},"primaryImageOfPage":{"@id":"https:\/\/kathyreflexologie.com\/index.php\/massage-chinois-tuina\/#primaryimage"},"image":{"@id":"https:\/\/kathyreflexologie.com\/index.php\/massage-chinois-tuina\/#primaryimage"},"thumbnailUrl":"https:\/\/kathyreflexologie.com\/wp-content\/uploads\/2025\/06\/300PAR450.jpg","datePublished":"2025-06-14T18:04:40+00:00","dateModified":"2025-06-25T16:57:17+00:00","breadcrumb":{"@id":"https:\/\/kathyreflexologie.com\/index.php\/massage-chinois-tuina\/#breadcrumb"},"inLanguage":"fr-FR","potentialAction":[{"@type":"ReadAction","target":["https:\/\/kathyreflexologie.com\/index.php\/massage-chinois-tuina\/"]}]},{"@type":"ImageObject","inLanguage":"fr-FR","@id":"https:\/\/kathyreflexologie.com\/index.php\/massage-chinois-tuina\/#primaryimage","url":"https:\/\/kathyreflexologie.com\/wp-content\/uploads\/2025\/06\/300PAR450.jpg","contentUrl":"https:\/\/kathyreflexologie.com\/wp-content\/uploads\/2025\/06\/300PAR450.jpg","width":300,"height":450},{"@type":"BreadcrumbList","@id":"https:\/\/kathyreflexologie.com\/index.php\/massage-chinois-tuina\/#breadcrumb","itemListElement":[{"@type":"ListItem","position":1,"name":"Accueil","item":"https:\/\/kathyreflexologie.com\/"},{"@type":"ListItem","position":2,"name":"MASSAGE CHINOIS TUINA"}]},{"@type":"WebSite","@id":"https:\/\/kathyreflexologie.com\/#website","url":"https:\/\/kathyreflexologie.com\/","name":"Kathy R\u00e9flexologie","description":"La r\u00e9flexologie au service de votre bien-\u00eatre","publisher":{"@id":"https:\/\/kathyreflexologie.com\/#organization"},"potentialAction":[{"@type":"SearchAction","target":{"@type":"EntryPoint","urlTemplate":"https:\/\/kathyreflexologie.com\/?s={search_term_string}"},"query-input":{"@type":"PropertyValueSpecification","valueRequired":true,"valueName":"search_term_string"}}],"inLanguage":"fr-FR"},{"@type":"Organization","@id":"https:\/\/kathyreflexologie.com\/#organization","name":"Kathy R\u00e9flexologie","alternateName":"Kathy R\u00e9flexologie","url":"https:\/\/kathyreflexologie.com\/","logo":{"@type":"ImageObject","inLanguage":"fr-FR","@id":"https:\/\/kathyreflexologie.com\/#\/schema\/logo\/image\/","url":"https:\/\/kathyreflexologie.com\/wp-content\/uploads\/2023\/10\/cropped-cropped-logov2.jpg","contentUrl":"https:\/\/kathyreflexologie.com\/wp-content\/uploads\/2023\/10\/cropped-cropped-logov2.jpg","width":250,"height":250,"caption":"Kathy R\u00e9flexologie"},"image":{"@id":"https:\/\/kathyreflexologie.com\/#\/schema\/logo\/image\/"},"sameAs":["https:\/\/www.facebook.com\/share\/1CE44j6Sa5\/","https:\/\/www.instagram.com\/kathyreflexologie01480\/"]}]}},"_links":{"self":[{"href":"https:\/\/kathyreflexologie.com\/index.php\/wp-json\/wp\/v2\/pages\/413","targetHints":{"allow":["GET"]}}],"collection":[{"href":"https:\/\/kathyreflexologie.com\/index.php\/wp-json\/wp\/v2\/pages"}],"about":[{"href":"https:\/\/kathyreflexologie.com\/index.php\/wp-json\/wp\/v2\/types\/page"}],"author":[{"embeddable":true,"href":"https:\/\/kathyreflexologie.com\/index.php\/wp-json\/wp\/v2\/users\/2"}],"replies":[{"embeddable":true,"href":"https:\/\/kathyreflexologie.com\/index.php\/wp-json\/wp\/v2\/comments?post=413"}],"version-history":[{"count":5,"href":"https:\/\/kathyreflexologie.com\/index.php\/wp-json\/wp\/v2\/pages\/413\/revisions"}],"predecessor-version":[{"id":444,"href":"https:\/\/kathyreflexologie.com\/index.php\/wp-json\/wp\/v2\/pages\/413\/revisions\/444"}],"wp:attachment":[{"href":"https:\/\/kathyreflexologie.com\/index.php\/wp-json\/wp\/v2\/media?parent=413"}],"curies":[{"name":"wp","href":"https:\/\/api.w.org\/{rel}","templated":true}]}}