{"id":427,"date":"2025-06-25T09:42:47","date_gmt":"2025-06-25T07:42:47","guid":{"rendered":"https:\/\/kathyreflexologie.com\/?page_id=427"},"modified":"2025-06-25T19:18:52","modified_gmt":"2025-06-25T17:18:52","slug":"massage-metamorphique","status":"publish","type":"page","link":"https:\/\/kathyreflexologie.com\/index.php\/massage-metamorphique\/","title":{"rendered":"Massage M\u00e9tamorphique"},"content":{"rendered":"\n<figure class=\"wp-block-image size-full\"><img loading=\"lazy\" decoding=\"async\" width=\"400\" height=\"267\" src=\"https:\/\/kathyreflexologie.com\/wp-content\/uploads\/2025\/06\/massage-835468_640.jpg\" alt=\"\" class=\"wp-image-448\" srcset=\"https:\/\/kathyreflexologie.com\/wp-content\/uploads\/2025\/06\/massage-835468_640.jpg 400w, https:\/\/kathyreflexologie.com\/wp-content\/uploads\/2025\/06\/massage-835468_640-300x200.jpg 300w\" sizes=\"auto, (max-width: 400px) 100vw, 400px\" \/><\/figure>\n\n\n\n<p>Le massage m\u00e9tamorphique est un massage tr\u00e8s doux des pieds, des mains et de la t\u00eate o\u00f9 le praticien stimule&nbsp;les cellules de la colonne vert\u00e9brale via des points r\u00e9flexes. Il est relaxant et revitalisant. Il se pratique sur une personne habill\u00e9e.<\/p>\n\n\n\n<p>Cette technique manuelle vise&nbsp;\u00e0 lib\u00e9rer l\u2019\u00eatre humain de certaines structures \u00e9motionnelles et comportementales m\u00e9moris\u00e9es par les cellules via la colonne vert\u00e9brale lors de la vie intra-ut\u00e9rine. En effet, l\u2019enfant subit les influences de son milieu durant les 9 mois o\u00f9 il est dans le ventre de sa m\u00e8re gr\u00e2ce \u00e0 la capacit\u00e9 de m\u00e9morisation des cellules. Une fois l&rsquo;enfant n\u00e9, les informations accumul\u00e9es par ses cellules vont d\u00e9finir sa personnalit\u00e9.<\/p>\n\n\n\n<p>Le massage m\u00e9tamorphique vise \u00e0 \u00abnettoyer\u00bb nos anciennes m\u00e9moires et aussi ce qui&nbsp; nous a bloqu\u00e9s au point d\u2019en devenir parfois malade.<\/p>\n\n\n\n<p><\/p>\n\n\n\n<figure class=\"wp-block-image size-full\"><img loading=\"lazy\" decoding=\"async\" width=\"400\" height=\"241\" src=\"https:\/\/kathyreflexologie.com\/wp-content\/uploads\/2025\/06\/hand-massage-7440712_640.jpg\" alt=\"\" class=\"wp-image-449\" srcset=\"https:\/\/kathyreflexologie.com\/wp-content\/uploads\/2025\/06\/hand-massage-7440712_640.jpg 400w, https:\/\/kathyreflexologie.com\/wp-content\/uploads\/2025\/06\/hand-massage-7440712_640-300x181.jpg 300w\" sizes=\"auto, (max-width: 400px) 100vw, 400px\" \/><\/figure>\n\n\n\n<p>C\u2019est un outil de transformation pour s\u2019\u00e9veiller \u00e0 soi, aller vers un changement, retrouver sa force de vie, son identit\u00e9, son ind\u00e9pendance. Il d\u00e9veloppe l\u2019optimisme et la confiance en soi. Il permet aussi de vaincre le stress et l\u2019anxi\u00e9t\u00e9 accumul\u00e9s au rythme de la vie quotidienne. Il apporte la lib\u00e9ration progressive de nos douleurs morales ou affectives.<\/p>\n\n\n\n<figure class=\"wp-block-image size-full\"><img loading=\"lazy\" decoding=\"async\" width=\"400\" height=\"225\" src=\"https:\/\/kathyreflexologie.com\/wp-content\/uploads\/2025\/06\/feet-5382164_640-1.jpg\" alt=\"\" class=\"wp-image-451\" srcset=\"https:\/\/kathyreflexologie.com\/wp-content\/uploads\/2025\/06\/feet-5382164_640-1.jpg 400w, https:\/\/kathyreflexologie.com\/wp-content\/uploads\/2025\/06\/feet-5382164_640-1-300x169.jpg 300w\" sizes=\"auto, (max-width: 400px) 100vw, 400px\" \/><\/figure>\n\n\n\n<p>Ce massage s\u2019adresse \u00e0 toute&nbsp;personne&nbsp;qui souhaite&nbsp;se d\u00e9tendre&nbsp;profond\u00e9ment, se relaxer, bien dormir, se reconnecter \u00e0 elle-m\u00eame. Il aide les adultes et les enfants de tous \u00e2ges pr\u00e9sentant de l&rsquo;hyperactivit\u00e9, des manques d&rsquo;attention ou de concentration, des troubles du comportement ou du sommeil. Il aide les femmes enceintes \u00e0 pr\u00e9parer la naissance du b\u00e9b\u00e9 et \u00e0 att\u00e9nuer l&rsquo;anxi\u00e9t\u00e9 et les angoisses qui accompagnent souvent la grossesse. Le pratiquer en famille permet d\u2018harmoniser les relations familiales.<\/p>\n\n\n\n<figure class=\"wp-block-image size-full\"><img loading=\"lazy\" decoding=\"async\" width=\"400\" height=\"548\" src=\"https:\/\/kathyreflexologie.com\/wp-content\/uploads\/2025\/06\/plein-coup-femme-se-transformant-en-papillon.jpg\" alt=\"\" class=\"wp-image-452\" srcset=\"https:\/\/kathyreflexologie.com\/wp-content\/uploads\/2025\/06\/plein-coup-femme-se-transformant-en-papillon.jpg 400w, https:\/\/kathyreflexologie.com\/wp-content\/uploads\/2025\/06\/plein-coup-femme-se-transformant-en-papillon-219x300.jpg 219w\" sizes=\"auto, (max-width: 400px) 100vw, 400px\" \/><\/figure>\n\n\n\n<p>Le massage m\u00e9tamorphique initie le changement, l&rsquo;\u00e9volution, la m\u00e9tamorphose\u2026<\/p>\n","protected":false},"excerpt":{"rendered":"<p>Le massage m\u00e9tamorphique est un massage tr\u00e8s doux des pieds, des mains et de la t\u00eate o\u00f9 le praticien stimule&nbsp;les cellules de la colonne vert\u00e9brale via des points r\u00e9flexes. Il est relaxant et revitalisant. Il se pratique sur une personne habill\u00e9e. Cette technique manuelle vise&nbsp;\u00e0 lib\u00e9rer l\u2019\u00eatre humain de certaines structures \u00e9motionnelles et comportementales m\u00e9moris\u00e9es &hellip; <\/p>\n<p class=\"link-more\"><a href=\"https:\/\/kathyreflexologie.com\/index.php\/massage-metamorphique\/\" class=\"more-link\">Continuer la lecture<span class=\"screen-reader-text\"> de &laquo;&nbsp;Massage M\u00e9tamorphique&nbsp;&raquo;<\/span><\/a><\/p>\n","protected":false},"author":2,"featured_media":0,"parent":0,"menu_order":0,"comment_status":"closed","ping_status":"closed","template":"","meta":{"footnotes":""},"class_list":["post-427","page","type-page","status-publish","hentry"],"yoast_head":"<!-- This site is optimized with the Yoast SEO plugin v26.9 - https:\/\/yoast.com\/product\/yoast-seo-wordpress\/ -->\n<title>Massage M\u00e9tamorphique - Kathy Reflexologie<\/title>\n<meta name=\"robots\" content=\"index, follow, max-snippet:-1, max-image-preview:large, max-video-preview:-1\" \/>\n<link rel=\"canonical\" href=\"https:\/\/kathyreflexologie.com\/index.php\/massage-metamorphique\/\" \/>\n<meta property=\"og:locale\" content=\"fr_FR\" \/>\n<meta property=\"og:type\" content=\"article\" \/>\n<meta property=\"og:title\" content=\"Massage M\u00e9tamorphique - Kathy Reflexologie\" \/>\n<meta property=\"og:description\" content=\"Le massage m\u00e9tamorphique est un massage tr\u00e8s doux des pieds, des mains et de la t\u00eate o\u00f9 le praticien stimule&nbsp;les cellules de la colonne vert\u00e9brale via des points r\u00e9flexes. Il est relaxant et revitalisant. Il se pratique sur une personne habill\u00e9e. Cette technique manuelle vise&nbsp;\u00e0 lib\u00e9rer l\u2019\u00eatre humain de certaines structures \u00e9motionnelles et comportementales m\u00e9moris\u00e9es &hellip; Continuer la lecture de &laquo;&nbsp;Massage M\u00e9tamorphique&nbsp;&raquo;\" \/>\n<meta property=\"og:url\" content=\"https:\/\/kathyreflexologie.com\/index.php\/massage-metamorphique\/\" \/>\n<meta property=\"og:site_name\" content=\"Kathy Reflexologie\" \/>\n<meta property=\"article:publisher\" content=\"https:\/\/www.facebook.com\/share\/1CE44j6Sa5\/\" \/>\n<meta property=\"article:modified_time\" content=\"2025-06-25T17:18:52+00:00\" \/>\n<meta property=\"og:image\" content=\"https:\/\/kathyreflexologie.com\/wp-content\/uploads\/2025\/06\/massage-835468_640.jpg\" \/>\n\t<meta property=\"og:image:width\" content=\"400\" \/>\n\t<meta property=\"og:image:height\" content=\"267\" \/>\n\t<meta property=\"og:image:type\" content=\"image\/jpeg\" \/>\n<meta name=\"twitter:card\" content=\"summary_large_image\" \/>\n<meta name=\"twitter:label1\" content=\"Dur\u00e9e de lecture estim\u00e9e\" \/>\n\t<meta name=\"twitter:data1\" content=\"2 minutes\" \/>\n<script type=\"application\/ld+json\" class=\"yoast-schema-graph\">{\"@context\":\"https:\/\/schema.org\",\"@graph\":[{\"@type\":\"WebPage\",\"@id\":\"https:\/\/kathyreflexologie.com\/index.php\/massage-metamorphique\/\",\"url\":\"https:\/\/kathyreflexologie.com\/index.php\/massage-metamorphique\/\",\"name\":\"Massage M\u00e9tamorphique - Kathy Reflexologie\",\"isPartOf\":{\"@id\":\"https:\/\/kathyreflexologie.com\/#website\"},\"primaryImageOfPage\":{\"@id\":\"https:\/\/kathyreflexologie.com\/index.php\/massage-metamorphique\/#primaryimage\"},\"image\":{\"@id\":\"https:\/\/kathyreflexologie.com\/index.php\/massage-metamorphique\/#primaryimage\"},\"thumbnailUrl\":\"https:\/\/kathyreflexologie.com\/wp-content\/uploads\/2025\/06\/massage-835468_640.jpg\",\"datePublished\":\"2025-06-25T07:42:47+00:00\",\"dateModified\":\"2025-06-25T17:18:52+00:00\",\"breadcrumb\":{\"@id\":\"https:\/\/kathyreflexologie.com\/index.php\/massage-metamorphique\/#breadcrumb\"},\"inLanguage\":\"fr-FR\",\"potentialAction\":[{\"@type\":\"ReadAction\",\"target\":[\"https:\/\/kathyreflexologie.com\/index.php\/massage-metamorphique\/\"]}]},{\"@type\":\"ImageObject\",\"inLanguage\":\"fr-FR\",\"@id\":\"https:\/\/kathyreflexologie.com\/index.php\/massage-metamorphique\/#primaryimage\",\"url\":\"https:\/\/kathyreflexologie.com\/wp-content\/uploads\/2025\/06\/massage-835468_640.jpg\",\"contentUrl\":\"https:\/\/kathyreflexologie.com\/wp-content\/uploads\/2025\/06\/massage-835468_640.jpg\",\"width\":400,\"height\":267},{\"@type\":\"BreadcrumbList\",\"@id\":\"https:\/\/kathyreflexologie.com\/index.php\/massage-metamorphique\/#breadcrumb\",\"itemListElement\":[{\"@type\":\"ListItem\",\"position\":1,\"name\":\"Accueil\",\"item\":\"https:\/\/kathyreflexologie.com\/\"},{\"@type\":\"ListItem\",\"position\":2,\"name\":\"Massage M\u00e9tamorphique\"}]},{\"@type\":\"WebSite\",\"@id\":\"https:\/\/kathyreflexologie.com\/#website\",\"url\":\"https:\/\/kathyreflexologie.com\/\",\"name\":\"Kathy R\u00e9flexologie\",\"description\":\"La r\u00e9flexologie au service de votre bien-\u00eatre\",\"publisher\":{\"@id\":\"https:\/\/kathyreflexologie.com\/#organization\"},\"potentialAction\":[{\"@type\":\"SearchAction\",\"target\":{\"@type\":\"EntryPoint\",\"urlTemplate\":\"https:\/\/kathyreflexologie.com\/?s={search_term_string}\"},\"query-input\":{\"@type\":\"PropertyValueSpecification\",\"valueRequired\":true,\"valueName\":\"search_term_string\"}}],\"inLanguage\":\"fr-FR\"},{\"@type\":\"Organization\",\"@id\":\"https:\/\/kathyreflexologie.com\/#organization\",\"name\":\"Kathy R\u00e9flexologie\",\"alternateName\":\"Kathy R\u00e9flexologie\",\"url\":\"https:\/\/kathyreflexologie.com\/\",\"logo\":{\"@type\":\"ImageObject\",\"inLanguage\":\"fr-FR\",\"@id\":\"https:\/\/kathyreflexologie.com\/#\/schema\/logo\/image\/\",\"url\":\"https:\/\/kathyreflexologie.com\/wp-content\/uploads\/2023\/10\/cropped-cropped-logov2.jpg\",\"contentUrl\":\"https:\/\/kathyreflexologie.com\/wp-content\/uploads\/2023\/10\/cropped-cropped-logov2.jpg\",\"width\":250,\"height\":250,\"caption\":\"Kathy R\u00e9flexologie\"},\"image\":{\"@id\":\"https:\/\/kathyreflexologie.com\/#\/schema\/logo\/image\/\"},\"sameAs\":[\"https:\/\/www.facebook.com\/share\/1CE44j6Sa5\/\",\"https:\/\/www.instagram.com\/kathyreflexologie01480\/\"]}]}<\/script>\n<!-- \/ Yoast SEO plugin. -->","yoast_head_json":{"title":"Massage M\u00e9tamorphique - Kathy Reflexologie","robots":{"index":"index","follow":"follow","max-snippet":"max-snippet:-1","max-image-preview":"max-image-preview:large","max-video-preview":"max-video-preview:-1"},"canonical":"https:\/\/kathyreflexologie.com\/index.php\/massage-metamorphique\/","og_locale":"fr_FR","og_type":"article","og_title":"Massage M\u00e9tamorphique - Kathy Reflexologie","og_description":"Le massage m\u00e9tamorphique est un massage tr\u00e8s doux des pieds, des mains et de la t\u00eate o\u00f9 le praticien stimule&nbsp;les cellules de la colonne vert\u00e9brale via des points r\u00e9flexes. Il est relaxant et revitalisant. Il se pratique sur une personne habill\u00e9e. Cette technique manuelle vise&nbsp;\u00e0 lib\u00e9rer l\u2019\u00eatre humain de certaines structures \u00e9motionnelles et comportementales m\u00e9moris\u00e9es &hellip; Continuer la lecture de &laquo;&nbsp;Massage M\u00e9tamorphique&nbsp;&raquo;","og_url":"https:\/\/kathyreflexologie.com\/index.php\/massage-metamorphique\/","og_site_name":"Kathy Reflexologie","article_publisher":"https:\/\/www.facebook.com\/share\/1CE44j6Sa5\/","article_modified_time":"2025-06-25T17:18:52+00:00","og_image":[{"width":400,"height":267,"url":"https:\/\/kathyreflexologie.com\/wp-content\/uploads\/2025\/06\/massage-835468_640.jpg","type":"image\/jpeg"}],"twitter_card":"summary_large_image","twitter_misc":{"Dur\u00e9e de lecture estim\u00e9e":"2 minutes"},"schema":{"@context":"https:\/\/schema.org","@graph":[{"@type":"WebPage","@id":"https:\/\/kathyreflexologie.com\/index.php\/massage-metamorphique\/","url":"https:\/\/kathyreflexologie.com\/index.php\/massage-metamorphique\/","name":"Massage M\u00e9tamorphique - Kathy Reflexologie","isPartOf":{"@id":"https:\/\/kathyreflexologie.com\/#website"},"primaryImageOfPage":{"@id":"https:\/\/kathyreflexologie.com\/index.php\/massage-metamorphique\/#primaryimage"},"image":{"@id":"https:\/\/kathyreflexologie.com\/index.php\/massage-metamorphique\/#primaryimage"},"thumbnailUrl":"https:\/\/kathyreflexologie.com\/wp-content\/uploads\/2025\/06\/massage-835468_640.jpg","datePublished":"2025-06-25T07:42:47+00:00","dateModified":"2025-06-25T17:18:52+00:00","breadcrumb":{"@id":"https:\/\/kathyreflexologie.com\/index.php\/massage-metamorphique\/#breadcrumb"},"inLanguage":"fr-FR","potentialAction":[{"@type":"ReadAction","target":["https:\/\/kathyreflexologie.com\/index.php\/massage-metamorphique\/"]}]},{"@type":"ImageObject","inLanguage":"fr-FR","@id":"https:\/\/kathyreflexologie.com\/index.php\/massage-metamorphique\/#primaryimage","url":"https:\/\/kathyreflexologie.com\/wp-content\/uploads\/2025\/06\/massage-835468_640.jpg","contentUrl":"https:\/\/kathyreflexologie.com\/wp-content\/uploads\/2025\/06\/massage-835468_640.jpg","width":400,"height":267},{"@type":"BreadcrumbList","@id":"https:\/\/kathyreflexologie.com\/index.php\/massage-metamorphique\/#breadcrumb","itemListElement":[{"@type":"ListItem","position":1,"name":"Accueil","item":"https:\/\/kathyreflexologie.com\/"},{"@type":"ListItem","position":2,"name":"Massage M\u00e9tamorphique"}]},{"@type":"WebSite","@id":"https:\/\/kathyreflexologie.com\/#website","url":"https:\/\/kathyreflexologie.com\/","name":"Kathy R\u00e9flexologie","description":"La r\u00e9flexologie au service de votre bien-\u00eatre","publisher":{"@id":"https:\/\/kathyreflexologie.com\/#organization"},"potentialAction":[{"@type":"SearchAction","target":{"@type":"EntryPoint","urlTemplate":"https:\/\/kathyreflexologie.com\/?s={search_term_string}"},"query-input":{"@type":"PropertyValueSpecification","valueRequired":true,"valueName":"search_term_string"}}],"inLanguage":"fr-FR"},{"@type":"Organization","@id":"https:\/\/kathyreflexologie.com\/#organization","name":"Kathy R\u00e9flexologie","alternateName":"Kathy R\u00e9flexologie","url":"https:\/\/kathyreflexologie.com\/","logo":{"@type":"ImageObject","inLanguage":"fr-FR","@id":"https:\/\/kathyreflexologie.com\/#\/schema\/logo\/image\/","url":"https:\/\/kathyreflexologie.com\/wp-content\/uploads\/2023\/10\/cropped-cropped-logov2.jpg","contentUrl":"https:\/\/kathyreflexologie.com\/wp-content\/uploads\/2023\/10\/cropped-cropped-logov2.jpg","width":250,"height":250,"caption":"Kathy R\u00e9flexologie"},"image":{"@id":"https:\/\/kathyreflexologie.com\/#\/schema\/logo\/image\/"},"sameAs":["https:\/\/www.facebook.com\/share\/1CE44j6Sa5\/","https:\/\/www.instagram.com\/kathyreflexologie01480\/"]}]}},"_links":{"self":[{"href":"https:\/\/kathyreflexologie.com\/index.php\/wp-json\/wp\/v2\/pages\/427","targetHints":{"allow":["GET"]}}],"collection":[{"href":"https:\/\/kathyreflexologie.com\/index.php\/wp-json\/wp\/v2\/pages"}],"about":[{"href":"https:\/\/kathyreflexologie.com\/index.php\/wp-json\/wp\/v2\/types\/page"}],"author":[{"embeddable":true,"href":"https:\/\/kathyreflexologie.com\/index.php\/wp-json\/wp\/v2\/users\/2"}],"replies":[{"embeddable":true,"href":"https:\/\/kathyreflexologie.com\/index.php\/wp-json\/wp\/v2\/comments?post=427"}],"version-history":[{"count":3,"href":"https:\/\/kathyreflexologie.com\/index.php\/wp-json\/wp\/v2\/pages\/427\/revisions"}],"predecessor-version":[{"id":453,"href":"https:\/\/kathyreflexologie.com\/index.php\/wp-json\/wp\/v2\/pages\/427\/revisions\/453"}],"wp:attachment":[{"href":"https:\/\/kathyreflexologie.com\/index.php\/wp-json\/wp\/v2\/media?parent=427"}],"curies":[{"name":"wp","href":"https:\/\/api.w.org\/{rel}","templated":true}]}}