{"id":464,"date":"2026-01-14T19:26:43","date_gmt":"2026-01-14T18:26:43","guid":{"rendered":"https:\/\/kathyreflexologie.com\/?page_id=464"},"modified":"2026-01-15T12:18:44","modified_gmt":"2026-01-15T11:18:44","slug":"massage-californien","status":"publish","type":"page","link":"https:\/\/kathyreflexologie.com\/index.php\/massage-californien\/","title":{"rendered":"Massage Californien"},"content":{"rendered":"\n<figure class=\"wp-block-image size-full\"><img loading=\"lazy\" decoding=\"async\" width=\"612\" height=\"406\" src=\"https:\/\/kathyreflexologie.com\/wp-content\/uploads\/2026\/01\/californien.jpg\" alt=\"\" class=\"wp-image-466\" srcset=\"https:\/\/kathyreflexologie.com\/wp-content\/uploads\/2026\/01\/californien.jpg 612w, https:\/\/kathyreflexologie.com\/wp-content\/uploads\/2026\/01\/californien-300x199.jpg 300w\" sizes=\"auto, (max-width: 612px) 100vw, 612px\" \/><\/figure>\n\n\n\n<h2 class=\"wp-block-heading\" id=\"qu-est-ce-que-le-massage-californien-\"><strong>Qu&rsquo;est-ce que le massage californien ?<\/strong><\/h2>\n\n\n\n<p>J&rsquo;ai eu l&rsquo;occasion de recevoir ce massage, et j&rsquo;ai eu envie de le proposer dans ma carte de soins. Recevoir ce massage c&rsquo;est comme un acte de bienveillance.<\/p>\n\n\n\n<p>C&rsquo;est avec l&rsquo;Ecole de massage LETIS, de Christophe et Isabelle TROMBERT que j&rsquo;ai choisi d&rsquo;\u00eatre form\u00e9e.<\/p>\n\n\n\n<p>Vous \u00eates stress\u00e9, fatigu\u00e9, souffrez de douleurs musculaires, de tensions\u2026&nbsp;? Optez pour le massage californien, plus commun\u00e9ment appel\u00e9 \u00ab&nbsp;Le toucher du c\u0153ur&nbsp;\u00bb&nbsp;!<\/p>\n\n\n\n<p>Proche du massage su\u00e9dois, le massage californien est n\u00e9 en Californie au d\u00e9but des ann\u00e9es 70. C\u2019est l\u2019un des massages les plus populaires et probablement le plus pratiqu\u00e9 au monde.<\/p>\n\n\n\n<p>Il s\u2019agit d\u2019une technique intuitive et tr\u00e8s enveloppante. Les gestes consistent en des appositions, des effleurages, des p\u00e9trissages et des man\u0153uvres de connexion. C\u2019est un m\u00e9lange de gestes doux, fluides, harmonieux destin\u00e9s \u00e0 apaiser, et de gestes un peu plus fermes, stimulants, destin\u00e9s \u00e0 soulager les tensions plus profondes. Le rythme est calme et lent.<\/p>\n\n\n\n<h3 class=\"wp-block-heading\"><strong>Les grands principes<\/strong><\/h3>\n\n\n\n<p>Partant d&rsquo;effleurages doux, enveloppants et relaxants, les manoeuvres s\u2019encha\u00eenent et s\u2019intensifient pour soulager des tensions plus profondes. Cela peut faire surgir et lib\u00e9rer des \u00e9motions cach\u00e9es, inscrites dans la m\u00e9moire cellulaire du corps. Plus la personne mass\u00e9e s\u2019abandonne \u00e0 l&rsquo;exp\u00e9rience, plus elle s&rsquo;ouvre \u00e0 ce que le massage californien qualifie de toucher du Coeur.<\/p>\n\n\n\n<p>Le bon d\u00e9roulement du massage californien d\u00e9pend totalement de la connexion entre le donneur et le receveur. En effet, il est primordial que le th\u00e9rapeute soit \u00e0 l&rsquo;\u00e9coute et que le mass\u00e9 soit en totale confiance.<\/p>\n\n\n\n<h2 class=\"wp-block-heading has-text-align-center\" id=\"les-bienfaits-du-massage-californien\"><strong>Les bienfaits du massage californien<\/strong><\/h2>\n\n\n\n<p><em>Souplesse&nbsp;et mobilit\u00e9 :<\/em><\/p>\n\n\n\n<h4 class=\"wp-block-heading\">Le massage contribue activement \u00e0 la pr\u00e9servation d&rsquo;une structure stable et \u00e9quilibr\u00e9e du corps.<\/h4>\n\n\n\n<p><\/p>\n\n\n\n<p><em>Renforcement\u00a0des fonctions m\u00e9taboliques<\/em> <em>:<\/em><\/p>\n\n\n\n<p><strong>Le massage lib\u00e8re et active les fonctions m\u00e9taboliques. Il stimule les d\u00e9fenses immunitaires.<\/strong><\/p>\n\n\n\n<p><\/p>\n\n\n\n<p><em>Gestion de la douleur\u00a0et \u00e9quilibre psychologique :<\/em><\/p>\n\n\n\n<p><strong>Le massage inonde le cerveau d\u2019informations sensorielles qui rel\u00e8guent la douleur au second plan.<\/strong><\/p>\n\n\n\n<p><\/p>\n\n\n\n<p><em>L\u00e2cher-prise&nbsp;et qualit\u00e9 du sommeil :<\/em><\/p>\n\n\n\n<p><strong>Un massage profond est en mesure d\u2019apaiser et de d\u00e9tendre le corps et l\u2019esprit.<\/strong><\/p>\n\n\n\n<p><\/p>\n\n\n\n<p><em>Le massage, un puissant&nbsp;anti-inflammatoire :<\/em><\/p>\n\n\n\n<p><strong>Les sportifs ont depuis longtemps ressenti les b\u00e9n\u00e9fices du massage apr\u00e8s un effort intense.<\/strong><\/p>\n\n\n\n<p><\/p>\n\n\n\n<p><em>Prendre conscience de son corps et se le r\u00e9approprier :<\/em><\/p>\n\n\n\n<p><strong>Le massage californien permet de se recentrer sur ses sensations corporelles et de les int\u00e9grer pleinement. C\u2019est en cela qu\u2019il est conseill\u00e9e aux individus ayant subi des changements corporels importants (comme une prise ou une perte importante de poids).<\/strong><\/p>\n\n\n\n<ul class=\"wp-block-list\">\n<li><strong>Les contre-indications&nbsp;:<\/strong><\/li>\n<\/ul>\n\n\n\n<p>Le massage californien est ouvert \u00e0 tout le monde, adultes comme enfants, les man\u0153uvres sont lentes et douces.<\/p>\n\n\n\n<p>Il est toutefois d\u00e9conseill\u00e9 pendant une grossesse de moins de 3 mois.<\/p>\n\n\n\n<p>Demander un avis m\u00e9dical lors de pathologies lourdes (cancers, scl\u00e9roses, traitements anti-coagulants\u2026).<\/p>\n\n\n\n<figure class=\"wp-block-image size-full\"><img loading=\"lazy\" decoding=\"async\" width=\"612\" height=\"408\" src=\"https:\/\/kathyreflexologie.com\/wp-content\/uploads\/2026\/01\/istockphoto-469916170-612x612-1.jpg\" alt=\"\" class=\"wp-image-467\" srcset=\"https:\/\/kathyreflexologie.com\/wp-content\/uploads\/2026\/01\/istockphoto-469916170-612x612-1.jpg 612w, https:\/\/kathyreflexologie.com\/wp-content\/uploads\/2026\/01\/istockphoto-469916170-612x612-1-300x200.jpg 300w\" sizes=\"auto, (max-width: 612px) 100vw, 612px\" \/><\/figure>\n","protected":false},"excerpt":{"rendered":"<p>Qu&rsquo;est-ce que le massage californien ? J&rsquo;ai eu l&rsquo;occasion de recevoir ce massage, et j&rsquo;ai eu envie de le proposer dans ma carte de soins. Recevoir ce massage c&rsquo;est comme un acte de bienveillance. C&rsquo;est avec l&rsquo;Ecole de massage LETIS, de Christophe et Isabelle TROMBERT que j&rsquo;ai choisi d&rsquo;\u00eatre form\u00e9e. Vous \u00eates stress\u00e9, fatigu\u00e9, souffrez &hellip; <\/p>\n<p class=\"link-more\"><a href=\"https:\/\/kathyreflexologie.com\/index.php\/massage-californien\/\" class=\"more-link\">Continuer la lecture<span class=\"screen-reader-text\"> de &laquo;&nbsp;Massage Californien&nbsp;&raquo;<\/span><\/a><\/p>\n","protected":false},"author":2,"featured_media":0,"parent":0,"menu_order":0,"comment_status":"closed","ping_status":"closed","template":"","meta":{"footnotes":""},"class_list":["post-464","page","type-page","status-publish","hentry"],"yoast_head":"<!-- This site is optimized with the Yoast SEO plugin v26.9 - https:\/\/yoast.com\/product\/yoast-seo-wordpress\/ -->\n<title>Massage Californien - Kathy Reflexologie<\/title>\n<meta name=\"robots\" content=\"index, follow, max-snippet:-1, max-image-preview:large, max-video-preview:-1\" \/>\n<link rel=\"canonical\" href=\"https:\/\/kathyreflexologie.com\/index.php\/massage-californien\/\" \/>\n<meta property=\"og:locale\" content=\"fr_FR\" \/>\n<meta property=\"og:type\" content=\"article\" \/>\n<meta property=\"og:title\" content=\"Massage Californien - Kathy Reflexologie\" \/>\n<meta property=\"og:description\" content=\"Qu&rsquo;est-ce que le massage californien ? J&rsquo;ai eu l&rsquo;occasion de recevoir ce massage, et j&rsquo;ai eu envie de le proposer dans ma carte de soins. Recevoir ce massage c&rsquo;est comme un acte de bienveillance. C&rsquo;est avec l&rsquo;Ecole de massage LETIS, de Christophe et Isabelle TROMBERT que j&rsquo;ai choisi d&rsquo;\u00eatre form\u00e9e. Vous \u00eates stress\u00e9, fatigu\u00e9, souffrez &hellip; Continuer la lecture de &laquo;&nbsp;Massage Californien&nbsp;&raquo;\" \/>\n<meta property=\"og:url\" content=\"https:\/\/kathyreflexologie.com\/index.php\/massage-californien\/\" \/>\n<meta property=\"og:site_name\" content=\"Kathy Reflexologie\" \/>\n<meta property=\"article:publisher\" content=\"https:\/\/www.facebook.com\/share\/1CE44j6Sa5\/\" \/>\n<meta property=\"article:modified_time\" content=\"2026-01-15T11:18:44+00:00\" \/>\n<meta property=\"og:image\" content=\"https:\/\/kathyreflexologie.com\/wp-content\/uploads\/2026\/01\/californien.jpg\" \/>\n\t<meta property=\"og:image:width\" content=\"612\" \/>\n\t<meta property=\"og:image:height\" content=\"406\" \/>\n\t<meta property=\"og:image:type\" content=\"image\/jpeg\" \/>\n<meta name=\"twitter:card\" content=\"summary_large_image\" \/>\n<meta name=\"twitter:label1\" content=\"Dur\u00e9e de lecture estim\u00e9e\" \/>\n\t<meta name=\"twitter:data1\" content=\"2 minutes\" \/>\n<script type=\"application\/ld+json\" class=\"yoast-schema-graph\">{\"@context\":\"https:\/\/schema.org\",\"@graph\":[{\"@type\":\"WebPage\",\"@id\":\"https:\/\/kathyreflexologie.com\/index.php\/massage-californien\/\",\"url\":\"https:\/\/kathyreflexologie.com\/index.php\/massage-californien\/\",\"name\":\"Massage Californien - Kathy Reflexologie\",\"isPartOf\":{\"@id\":\"https:\/\/kathyreflexologie.com\/#website\"},\"primaryImageOfPage\":{\"@id\":\"https:\/\/kathyreflexologie.com\/index.php\/massage-californien\/#primaryimage\"},\"image\":{\"@id\":\"https:\/\/kathyreflexologie.com\/index.php\/massage-californien\/#primaryimage\"},\"thumbnailUrl\":\"https:\/\/kathyreflexologie.com\/wp-content\/uploads\/2026\/01\/californien.jpg\",\"datePublished\":\"2026-01-14T18:26:43+00:00\",\"dateModified\":\"2026-01-15T11:18:44+00:00\",\"breadcrumb\":{\"@id\":\"https:\/\/kathyreflexologie.com\/index.php\/massage-californien\/#breadcrumb\"},\"inLanguage\":\"fr-FR\",\"potentialAction\":[{\"@type\":\"ReadAction\",\"target\":[\"https:\/\/kathyreflexologie.com\/index.php\/massage-californien\/\"]}]},{\"@type\":\"ImageObject\",\"inLanguage\":\"fr-FR\",\"@id\":\"https:\/\/kathyreflexologie.com\/index.php\/massage-californien\/#primaryimage\",\"url\":\"https:\/\/kathyreflexologie.com\/wp-content\/uploads\/2026\/01\/californien.jpg\",\"contentUrl\":\"https:\/\/kathyreflexologie.com\/wp-content\/uploads\/2026\/01\/californien.jpg\",\"width\":612,\"height\":406,\"caption\":\"Closeup of masseur hands pouring aroma oil on woman back. Masseuse prepare to do oriental spa procedure for relaxing treatment. Therapist doing aromatherapy oil massage on woman body.\"},{\"@type\":\"BreadcrumbList\",\"@id\":\"https:\/\/kathyreflexologie.com\/index.php\/massage-californien\/#breadcrumb\",\"itemListElement\":[{\"@type\":\"ListItem\",\"position\":1,\"name\":\"Accueil\",\"item\":\"https:\/\/kathyreflexologie.com\/\"},{\"@type\":\"ListItem\",\"position\":2,\"name\":\"Massage Californien\"}]},{\"@type\":\"WebSite\",\"@id\":\"https:\/\/kathyreflexologie.com\/#website\",\"url\":\"https:\/\/kathyreflexologie.com\/\",\"name\":\"Kathy R\u00e9flexologie\",\"description\":\"La r\u00e9flexologie au service de votre bien-\u00eatre\",\"publisher\":{\"@id\":\"https:\/\/kathyreflexologie.com\/#organization\"},\"potentialAction\":[{\"@type\":\"SearchAction\",\"target\":{\"@type\":\"EntryPoint\",\"urlTemplate\":\"https:\/\/kathyreflexologie.com\/?s={search_term_string}\"},\"query-input\":{\"@type\":\"PropertyValueSpecification\",\"valueRequired\":true,\"valueName\":\"search_term_string\"}}],\"inLanguage\":\"fr-FR\"},{\"@type\":\"Organization\",\"@id\":\"https:\/\/kathyreflexologie.com\/#organization\",\"name\":\"Kathy R\u00e9flexologie\",\"alternateName\":\"Kathy R\u00e9flexologie\",\"url\":\"https:\/\/kathyreflexologie.com\/\",\"logo\":{\"@type\":\"ImageObject\",\"inLanguage\":\"fr-FR\",\"@id\":\"https:\/\/kathyreflexologie.com\/#\/schema\/logo\/image\/\",\"url\":\"https:\/\/kathyreflexologie.com\/wp-content\/uploads\/2023\/10\/cropped-cropped-logov2.jpg\",\"contentUrl\":\"https:\/\/kathyreflexologie.com\/wp-content\/uploads\/2023\/10\/cropped-cropped-logov2.jpg\",\"width\":250,\"height\":250,\"caption\":\"Kathy R\u00e9flexologie\"},\"image\":{\"@id\":\"https:\/\/kathyreflexologie.com\/#\/schema\/logo\/image\/\"},\"sameAs\":[\"https:\/\/www.facebook.com\/share\/1CE44j6Sa5\/\",\"https:\/\/www.instagram.com\/kathyreflexologie01480\/\"]}]}<\/script>\n<!-- \/ Yoast SEO plugin. -->","yoast_head_json":{"title":"Massage Californien - Kathy Reflexologie","robots":{"index":"index","follow":"follow","max-snippet":"max-snippet:-1","max-image-preview":"max-image-preview:large","max-video-preview":"max-video-preview:-1"},"canonical":"https:\/\/kathyreflexologie.com\/index.php\/massage-californien\/","og_locale":"fr_FR","og_type":"article","og_title":"Massage Californien - Kathy Reflexologie","og_description":"Qu&rsquo;est-ce que le massage californien ? J&rsquo;ai eu l&rsquo;occasion de recevoir ce massage, et j&rsquo;ai eu envie de le proposer dans ma carte de soins. Recevoir ce massage c&rsquo;est comme un acte de bienveillance. C&rsquo;est avec l&rsquo;Ecole de massage LETIS, de Christophe et Isabelle TROMBERT que j&rsquo;ai choisi d&rsquo;\u00eatre form\u00e9e. Vous \u00eates stress\u00e9, fatigu\u00e9, souffrez &hellip; Continuer la lecture de &laquo;&nbsp;Massage Californien&nbsp;&raquo;","og_url":"https:\/\/kathyreflexologie.com\/index.php\/massage-californien\/","og_site_name":"Kathy Reflexologie","article_publisher":"https:\/\/www.facebook.com\/share\/1CE44j6Sa5\/","article_modified_time":"2026-01-15T11:18:44+00:00","og_image":[{"width":612,"height":406,"url":"https:\/\/kathyreflexologie.com\/wp-content\/uploads\/2026\/01\/californien.jpg","type":"image\/jpeg"}],"twitter_card":"summary_large_image","twitter_misc":{"Dur\u00e9e de lecture estim\u00e9e":"2 minutes"},"schema":{"@context":"https:\/\/schema.org","@graph":[{"@type":"WebPage","@id":"https:\/\/kathyreflexologie.com\/index.php\/massage-californien\/","url":"https:\/\/kathyreflexologie.com\/index.php\/massage-californien\/","name":"Massage Californien - Kathy Reflexologie","isPartOf":{"@id":"https:\/\/kathyreflexologie.com\/#website"},"primaryImageOfPage":{"@id":"https:\/\/kathyreflexologie.com\/index.php\/massage-californien\/#primaryimage"},"image":{"@id":"https:\/\/kathyreflexologie.com\/index.php\/massage-californien\/#primaryimage"},"thumbnailUrl":"https:\/\/kathyreflexologie.com\/wp-content\/uploads\/2026\/01\/californien.jpg","datePublished":"2026-01-14T18:26:43+00:00","dateModified":"2026-01-15T11:18:44+00:00","breadcrumb":{"@id":"https:\/\/kathyreflexologie.com\/index.php\/massage-californien\/#breadcrumb"},"inLanguage":"fr-FR","potentialAction":[{"@type":"ReadAction","target":["https:\/\/kathyreflexologie.com\/index.php\/massage-californien\/"]}]},{"@type":"ImageObject","inLanguage":"fr-FR","@id":"https:\/\/kathyreflexologie.com\/index.php\/massage-californien\/#primaryimage","url":"https:\/\/kathyreflexologie.com\/wp-content\/uploads\/2026\/01\/californien.jpg","contentUrl":"https:\/\/kathyreflexologie.com\/wp-content\/uploads\/2026\/01\/californien.jpg","width":612,"height":406,"caption":"Closeup of masseur hands pouring aroma oil on woman back. Masseuse prepare to do oriental spa procedure for relaxing treatment. Therapist doing aromatherapy oil massage on woman body."},{"@type":"BreadcrumbList","@id":"https:\/\/kathyreflexologie.com\/index.php\/massage-californien\/#breadcrumb","itemListElement":[{"@type":"ListItem","position":1,"name":"Accueil","item":"https:\/\/kathyreflexologie.com\/"},{"@type":"ListItem","position":2,"name":"Massage Californien"}]},{"@type":"WebSite","@id":"https:\/\/kathyreflexologie.com\/#website","url":"https:\/\/kathyreflexologie.com\/","name":"Kathy R\u00e9flexologie","description":"La r\u00e9flexologie au service de votre bien-\u00eatre","publisher":{"@id":"https:\/\/kathyreflexologie.com\/#organization"},"potentialAction":[{"@type":"SearchAction","target":{"@type":"EntryPoint","urlTemplate":"https:\/\/kathyreflexologie.com\/?s={search_term_string}"},"query-input":{"@type":"PropertyValueSpecification","valueRequired":true,"valueName":"search_term_string"}}],"inLanguage":"fr-FR"},{"@type":"Organization","@id":"https:\/\/kathyreflexologie.com\/#organization","name":"Kathy R\u00e9flexologie","alternateName":"Kathy R\u00e9flexologie","url":"https:\/\/kathyreflexologie.com\/","logo":{"@type":"ImageObject","inLanguage":"fr-FR","@id":"https:\/\/kathyreflexologie.com\/#\/schema\/logo\/image\/","url":"https:\/\/kathyreflexologie.com\/wp-content\/uploads\/2023\/10\/cropped-cropped-logov2.jpg","contentUrl":"https:\/\/kathyreflexologie.com\/wp-content\/uploads\/2023\/10\/cropped-cropped-logov2.jpg","width":250,"height":250,"caption":"Kathy R\u00e9flexologie"},"image":{"@id":"https:\/\/kathyreflexologie.com\/#\/schema\/logo\/image\/"},"sameAs":["https:\/\/www.facebook.com\/share\/1CE44j6Sa5\/","https:\/\/www.instagram.com\/kathyreflexologie01480\/"]}]}},"_links":{"self":[{"href":"https:\/\/kathyreflexologie.com\/index.php\/wp-json\/wp\/v2\/pages\/464","targetHints":{"allow":["GET"]}}],"collection":[{"href":"https:\/\/kathyreflexologie.com\/index.php\/wp-json\/wp\/v2\/pages"}],"about":[{"href":"https:\/\/kathyreflexologie.com\/index.php\/wp-json\/wp\/v2\/types\/page"}],"author":[{"embeddable":true,"href":"https:\/\/kathyreflexologie.com\/index.php\/wp-json\/wp\/v2\/users\/2"}],"replies":[{"embeddable":true,"href":"https:\/\/kathyreflexologie.com\/index.php\/wp-json\/wp\/v2\/comments?post=464"}],"version-history":[{"count":4,"href":"https:\/\/kathyreflexologie.com\/index.php\/wp-json\/wp\/v2\/pages\/464\/revisions"}],"predecessor-version":[{"id":476,"href":"https:\/\/kathyreflexologie.com\/index.php\/wp-json\/wp\/v2\/pages\/464\/revisions\/476"}],"wp:attachment":[{"href":"https:\/\/kathyreflexologie.com\/index.php\/wp-json\/wp\/v2\/media?parent=464"}],"curies":[{"name":"wp","href":"https:\/\/api.w.org\/{rel}","templated":true}]}}